{"id":725,"date":"2026-03-13T11:08:42","date_gmt":"2026-03-13T11:08:42","guid":{"rendered":"https:\/\/popol-nah.es\/si\/?page_id=725"},"modified":"2026-03-13T11:08:42","modified_gmt":"2026-03-13T11:08:42","slug":"aviso-legal-y-condiciones-de-uso","status":"publish","type":"page","link":"https:\/\/popol-nah.es\/si\/aviso-legal-y-condiciones-de-uso\/","title":{"rendered":"Aviso legal y Condiciones de uso"},"content":{"rendered":"<div class=\"et_pb_section_0 et_pb_section et_section_regular et_flex_section\">\n<div class=\"et_pb_row_0 et_pb_row et_flex_row\">\n<div class=\"et_pb_column_0 et_pb_column et-last-child et_flex_column et_pb_css_mix_blend_mode_passthrough et_flex_column_24_24 et_flex_column_24_24_tablet et_flex_column_24_24_phone\">\n<div class=\"et_pb_text_0 et_pb_text et_pb_bg_layout_light et_pb_module et_flex_module preset--module--divi-text--default\"><div class=\"et_pb_text_inner\"><h1><strong>Aviso legal y Condiciones de uso<\/strong><\/h1>\n<\/div><\/div>\n\n<div class=\"et_pb_text_1 et_pb_text et_pb_bg_layout_light et_pb_module et_flex_module preset--module--divi-text--default\"><div class=\"et_pb_text_inner\"><p><strong><\/strong><\/p>\n<p><strong>1. Identificaci\u00f3n del titular del sitio web<\/strong><\/p>\n<p>En cumplimiento de lo dispuesto en la Ley 34\/2002, de 11 de julio, de servicios de la sociedad de la informaci\u00f3n y de comercio electr\u00f3nico, se informa que el sitio web https:\/\/popol-nah.es\/si\/ (en adelante, el \u201cSitio Web\u201d) es titularidad de Popol Nah, S.L.L., con nombre comercial SI \u2013 Soluciones Inform\u00e1ticas, con domicilio en Fuenlabrada, Madrid, inscrita en el Registro Mercantil, CIF\/NIF: B75325282.<\/p>\n<p>Puede contactar con nosotros a trav\u00e9s del correo electr\u00f3nico juridico@popol-nah.es y del tel\u00e9fono +34 614 40 54 23.<\/p>\n<p><strong>2. Objeto<\/strong><\/p>\n<p>El presente Aviso Legal regula el acceso, navegaci\u00f3n y uso del Sitio Web, sin perjuicio de que Popol Nah, S.L.L. se reserve el derecho a modificar su presentaci\u00f3n, configuraci\u00f3n y contenido, as\u00ed como las condiciones requeridas para su acceso y\/o utilizaci\u00f3n.<\/p>\n<p><strong>3. Condici\u00f3n de usuario<\/strong><\/p>\n<p>El acceso o uso del Sitio Web atribuye la condici\u00f3n de usuario (en adelante, el \u201cUsuario\u201d) e implica la aceptaci\u00f3n plena y sin reservas de todas las disposiciones incluidas en este Aviso Legal en la versi\u00f3n publicada en el momento del acceso.<\/p>\n<p><strong>4. Uso correcto del sitio web<\/strong><\/p>\n<p>El Usuario se compromete a usar el Sitio Web de conformidad con la ley, la buena fe, la moral y el orden p\u00fablico, absteni\u00e9ndose de utilizarlo con fines il\u00edcitos o lesivos, o de cualquier forma que pueda da\u00f1ar, inutilizar o sobrecargar el Sitio Web o impedir su normal utilizaci\u00f3n.<\/p>\n<p><strong>5. Propiedad intelectual e industrial<\/strong><\/p>\n<p>Todos los contenidos del Sitio Web son propiedad de Popol Nah, S.L.L. o de terceros, sin que puedan entenderse cedidos al Usuario ninguno de los derechos de explotaci\u00f3n sobre los mismos m\u00e1s all\u00e1 de lo estrictamente necesario para el uso correcto del Sitio Web.<\/p>\n<p><strong>6. Enlaces (links)<\/strong><\/p>\n<p>Popol Nah, S.L.L. no responde del contenido de sitios web enlazados, ni de sus consecuencias.<\/p>\n<p><strong>7. Exclusi\u00f3n de responsabilidades<\/strong><br \/>Popol Nah, S.L.L. no garantiza la disponibilidad permanente del Sitio Web ni la ausencia de virus, dentro de los l\u00edmites legales.<\/p>\n<p><strong>8. Legislaci\u00f3n aplicable y jurisdicci\u00f3n<\/strong><\/p>\n<p>Este Aviso Legal se rige por la legislaci\u00f3n espa\u00f1ola. Las partes se someten a los Juzgados y Tribunales de Madrid, salvo norma imperativa de consumidores.<\/p>\n<\/div><\/div>\n<\/div>\n<\/div>\n<\/div>","protected":false},"excerpt":{"rendered":"","protected":false},"author":1,"featured_media":0,"parent":0,"menu_order":0,"comment_status":"closed","ping_status":"closed","template":"","meta":{"footnotes":""},"class_list":["post-725","page","type-page","status-publish","hentry"],"_hostinger_reach_plugin_has_subscription_block":false,"_hostinger_reach_plugin_is_elementor":false,"_links":{"self":[{"href":"https:\/\/popol-nah.es\/si\/wp-json\/wp\/v2\/pages\/725","targetHints":{"allow":["GET"]}}],"collection":[{"href":"https:\/\/popol-nah.es\/si\/wp-json\/wp\/v2\/pages"}],"about":[{"href":"https:\/\/popol-nah.es\/si\/wp-json\/wp\/v2\/types\/page"}],"author":[{"embeddable":true,"href":"https:\/\/popol-nah.es\/si\/wp-json\/wp\/v2\/users\/1"}],"replies":[{"embeddable":true,"href":"https:\/\/popol-nah.es\/si\/wp-json\/wp\/v2\/comments?post=725"}],"version-history":[{"count":12,"href":"https:\/\/popol-nah.es\/si\/wp-json\/wp\/v2\/pages\/725\/revisions"}],"predecessor-version":[{"id":791,"href":"https:\/\/popol-nah.es\/si\/wp-json\/wp\/v2\/pages\/725\/revisions\/791"}],"wp:attachment":[{"href":"https:\/\/popol-nah.es\/si\/wp-json\/wp\/v2\/media?parent=725"}],"curies":[{"name":"wp","href":"https:\/\/api.w.org\/{rel}","templated":true}]}}