{"id":598,"date":"2026-02-18T19:01:47","date_gmt":"2026-02-18T19:01:47","guid":{"rendered":"https:\/\/popol-nah.es\/si\/?page_id=598"},"modified":"2026-02-18T19:01:47","modified_gmt":"2026-02-18T19:01:47","slug":"blog-2","status":"publish","type":"page","link":"https:\/\/popol-nah.es\/si\/blog-2\/","title":{"rendered":"Blog"},"content":{"rendered":"<div class=\"et_pb_section_0 et_pb_section et_section_regular et_flex_section\">\n<div class=\"et_pb_row_0 et_pb_row et_flex_row\">\n<div class=\"et_pb_column_0 et_pb_column et-last-child et_flex_column et_pb_css_mix_blend_mode_passthrough et_flex_column_24_24 et_flex_column_24_24_tablet et_flex_column_24_24_phone\">\n<div class=\"et_pb_text_0 et_pb_text et_pb_bg_layout_light et_pb_module et_flex_module preset--module--divi-text--default\"><div class=\"et_pb_text_inner\"><h1>Blog<\/h1>\n<\/div><\/div>\n\n<div class=\"et_pb_blog_0 et_pb_blog et_pb_bg_layout_light et_pb_posts et_pb_module\"><div class=\"et_pb_ajax_pagination_container\"><div class=\"et_pb_posts et_grid_module\"><article class=\"et_pb_post et_pb_post_id_538 clearfix et_pb_blog_item_0_0 post-538 post type-post status-publish format-standard has-post-thumbnail hentry category-blog\"><div class=\"et_pb_image_container\"><a href=\"https:\/\/popol-nah.es\/si\/mantenimiento-preventivo-informatico\/\" class=\"entry-featured-image-url\"><img loading=\"lazy\" decoding=\"async\" src=\"https:\/\/popol-nah.es\/si\/wp-content\/uploads\/2026\/02\/Mantenimiento-preventivo-digital-de-tecnologia.png\" width=\"400\" height=\"284\" alt=\"Mantenimiento preventivo digital de tecnolog\u00eda\" class=\"\" srcset=\"https:\/\/popol-nah.es\/si\/wp-content\/uploads\/2026\/02\/Mantenimiento-preventivo-digital-de-tecnologia.png 479w, https:\/\/popol-nah.es\/si\/wp-content\/uploads\/2026\/02\/Mantenimiento-preventivo-digital-de-tecnologia-400x284.png 480w\" sizes=\"(max-width:479px) 479px, 100vw\" \/><span data-icon=\"\ue050\" class=\"et_overlay et_pb_inline_icon\"><\/span><\/a><\/div><h2 class=\"entry-title\"><a href=\"https:\/\/popol-nah.es\/si\/mantenimiento-preventivo-informatico\/\">Mantenimiento Preventivo Inform\u00e1tico<\/a><\/h2><p class=\"post-meta\">por <span class=\"author vcard\"><a href=\"https:\/\/popol-nah.es\/si\/author\/emelendezc\/\" title=\"Entradas de emelendezc\" rel=\"author\">emelendezc<\/a><\/span> | <span class=\"published\">Feb 17, 2026<\/span> | <span class=\"entry-categories\"><a href=\"https:\/\/popol-nah.es\/si\/category\/blog\/\" rel=\"tag\">Blog<\/a><\/span><\/p><div class=\"post-content\"><div class=\"post-content-inner\"><p>La mayor\u00eda de los problemas tecnol\u00f3gicos no aparecen de forma repentina: se desarrollan progresivamente hasta que un d\u00eda el equipo falla, el sistema se vuelve inestable o los datos desaparecen. El mantenimiento preventivo inform\u00e1tico es la estrategia m\u00e1s eficaz para&#8230;<\/p>\n<\/div><\/div><\/article><article class=\"et_pb_post et_pb_post_id_529 clearfix et_pb_blog_item_0_1 post-529 post type-post status-publish format-standard has-post-thumbnail hentry category-blog\"><div class=\"et_pb_image_container\"><a href=\"https:\/\/popol-nah.es\/si\/actualizacion-de-disco-de-hd-a-ssd\/\" class=\"entry-featured-image-url\"><img loading=\"lazy\" decoding=\"async\" src=\"https:\/\/popol-nah.es\/si\/wp-content\/uploads\/2026\/02\/Actualizacion-de-HDD-a-SSD.png\" width=\"400\" height=\"284\" alt=\"Actualizaci\u00f3n de disco duro HDD a SSD\" class=\"\" srcset=\"https:\/\/popol-nah.es\/si\/wp-content\/uploads\/2026\/02\/Actualizacion-de-HDD-a-SSD.png 479w, https:\/\/popol-nah.es\/si\/wp-content\/uploads\/2026\/02\/Actualizacion-de-HDD-a-SSD-400x284.png 480w\" sizes=\"(max-width:479px) 479px, 100vw\" \/><span data-icon=\"\ue050\" class=\"et_overlay et_pb_inline_icon\"><\/span><\/a><\/div><h2 class=\"entry-title\"><a href=\"https:\/\/popol-nah.es\/si\/actualizacion-de-disco-de-hd-a-ssd\/\">Actualizaci\u00f3n de disco: de HD a SSD<\/a><\/h2><p class=\"post-meta\">por <span class=\"author vcard\"><a href=\"https:\/\/popol-nah.es\/si\/author\/emelendezc\/\" title=\"Entradas de emelendezc\" rel=\"author\">emelendezc<\/a><\/span> | <span class=\"published\">Feb 17, 2026<\/span> | <span class=\"entry-categories\"><a href=\"https:\/\/popol-nah.es\/si\/category\/blog\/\" rel=\"tag\">Blog<\/a><\/span><\/p><div class=\"post-content\"><div class=\"post-content-inner\"><p>Diferencias t\u00e9cnicas, ventajas, costes y mejora real de rendimiento La sustituci\u00f3n de un disco duro mec\u00e1nico (HD o HDD) por una unidad de estado s\u00f3lido (SSD) es una de las intervenciones con mayor impacto en el rendimiento de un ordenador. No se trata solo de \u201cm\u00e1s&#8230;<\/p>\n<\/div><\/div><\/article><article class=\"et_pb_post et_pb_post_id_503 clearfix et_pb_blog_item_0_2 post-503 post type-post status-publish format-standard has-post-thumbnail hentry category-blog\"><div class=\"et_pb_image_container\"><a href=\"https:\/\/popol-nah.es\/si\/limpieza-digital-periodica\/\" class=\"entry-featured-image-url\"><img loading=\"lazy\" decoding=\"async\" src=\"https:\/\/popol-nah.es\/si\/wp-content\/uploads\/2026\/02\/Mantenimiento-digital-del-ordenador.png\" width=\"400\" height=\"284\" alt=\"Mantenimiento digital del ordenador\" class=\"\" srcset=\"https:\/\/popol-nah.es\/si\/wp-content\/uploads\/2026\/02\/Mantenimiento-digital-del-ordenador.png 479w, https:\/\/popol-nah.es\/si\/wp-content\/uploads\/2026\/02\/Mantenimiento-digital-del-ordenador-400x284.png 480w\" sizes=\"(max-width:479px) 479px, 100vw\" \/><span data-icon=\"\ue050\" class=\"et_overlay et_pb_inline_icon\"><\/span><\/a><\/div><h2 class=\"entry-title\"><a href=\"https:\/\/popol-nah.es\/si\/limpieza-digital-periodica\/\">Limpieza digital peri\u00f3dica<\/a><\/h2><p class=\"post-meta\">por <span class=\"author vcard\"><a href=\"https:\/\/popol-nah.es\/si\/author\/emelendezc\/\" title=\"Entradas de emelendezc\" rel=\"author\">emelendezc<\/a><\/span> | <span class=\"published\">Feb 17, 2026<\/span> | <span class=\"entry-categories\"><a href=\"https:\/\/popol-nah.es\/si\/category\/blog\/\" rel=\"tag\">Blog<\/a><\/span><\/p><div class=\"post-content\"><div class=\"post-content-inner\"><p>Limpieza digital peri\u00f3dica: una pr\u00e1ctica imprescindible para mantener tu ordenador en \u00f3ptimas condiciones En el entorno profesional actual, el ordenador es una herramienta cr\u00edtica de trabajo. Sin embargo, muchas personas mantienen una disciplina rigurosa respecto al&#8230;<\/p>\n<\/div><\/div><\/article><\/div><div class=\"pagination clearfix\">\n\t<div class=\"alignleft\"><\/div>\n\t<div class=\"alignright\"><\/div>\n<\/div><\/div><\/div>\n<\/div>\n<\/div>\n\n<div class=\"et_pb_row_1 et_pb_row et-vb-row--no-module et_flex_row\">\n<div class=\"et_pb_column_1 et_pb_column et-last-child et_flex_column et_pb_column_empty et_pb_css_mix_blend_mode_passthrough et_flex_column_24_24 et_flex_column_24_24_tablet et_flex_column_24_24_phone\"><\/div>\n<\/div>\n<\/div>","protected":false},"excerpt":{"rendered":"","protected":false},"author":1,"featured_media":0,"parent":0,"menu_order":0,"comment_status":"closed","ping_status":"closed","template":"","meta":{"footnotes":""},"class_list":["post-598","page","type-page","status-publish","hentry"],"_hostinger_reach_plugin_has_subscription_block":false,"_hostinger_reach_plugin_is_elementor":false,"_links":{"self":[{"href":"https:\/\/popol-nah.es\/si\/wp-json\/wp\/v2\/pages\/598","targetHints":{"allow":["GET"]}}],"collection":[{"href":"https:\/\/popol-nah.es\/si\/wp-json\/wp\/v2\/pages"}],"about":[{"href":"https:\/\/popol-nah.es\/si\/wp-json\/wp\/v2\/types\/page"}],"author":[{"embeddable":true,"href":"https:\/\/popol-nah.es\/si\/wp-json\/wp\/v2\/users\/1"}],"replies":[{"embeddable":true,"href":"https:\/\/popol-nah.es\/si\/wp-json\/wp\/v2\/comments?post=598"}],"version-history":[{"count":3,"href":"https:\/\/popol-nah.es\/si\/wp-json\/wp\/v2\/pages\/598\/revisions"}],"predecessor-version":[{"id":601,"href":"https:\/\/popol-nah.es\/si\/wp-json\/wp\/v2\/pages\/598\/revisions\/601"}],"wp:attachment":[{"href":"https:\/\/popol-nah.es\/si\/wp-json\/wp\/v2\/media?parent=598"}],"curies":[{"name":"wp","href":"https:\/\/api.w.org\/{rel}","templated":true}]}}