{"id":37,"date":"2026-02-02T19:35:09","date_gmt":"2026-02-02T19:35:09","guid":{"rendered":"https:\/\/popol-nah.es\/si\/?page_id=37"},"modified":"2026-02-23T11:38:34","modified_gmt":"2026-02-23T11:38:34","slug":"contacto","status":"publish","type":"page","link":"https:\/\/popol-nah.es\/si\/contacto\/","title":{"rendered":"Contacto"},"content":{"rendered":"<div class=\"et_pb_section_0 et_pb_section et_section_regular et_block_section\"><span class=\"et_pb_background_mask\"><\/span>\n<div class=\"et_pb_row_0 et_pb_row et_block_row\">\n<div class=\"et_pb_column_0 et_pb_column et_pb_column_4_4 et-last-child et_block_column et_pb_css_mix_blend_mode_passthrough\">\n<div class=\"et_pb_text_0 et_pb_text et_pb_bg_layout_light et_pb_module et_block_module preset--module--divi-text--default\"><div class=\"et_pb_text_inner\"><h1>Contacta con nosotros<\/h1>\n<p>Rellena el formulario de contacto y \u00a0te respondemos en menos de 24 horas; tambi\u00e9n puedes llamarnos o visitarnos en el Despacho 1 del CIFE de Fuenlabrada.<\/p>\n<\/div><\/div>\n<\/div>\n<\/div>\n\n<div class=\"et_pb_row_1 et_pb_row et_flex_row\">\n<div class=\"et_pb_column_1 et_pb_column et_flex_column et_pb_css_mix_blend_mode_passthrough et_flex_column_12_24 et_flex_column_12_24_tablet et_flex_column_24_24_phone\">\n<div class=\"et_pb_code_0 et_pb_code et_pb_module\"><div class=\"et_pb_code_inner\"><div class='fluentform ff-default fluentform_wrapper_6 ffs_default_wrap'><form data-form_id=\"6\" id=\"fluentform_6\" class=\"frm-fluent-form fluent_form_6 ff-el-form-top ff_form_instance_6_1 ff-form-loading ffs_default\" data-form_instance=\"ff_form_instance_6_1\" method=\"POST\" ><fieldset  style=\"border: none!important;margin: 0!important;padding: 0!important;background-color: transparent!important;box-shadow: none!important;outline: none!important; min-inline-size: 100%;\">\n                    <legend class=\"ff_screen_reader_title\" style=\"display: block; margin: 0!important;padding: 0!important;height: 0!important;text-indent: -999999px;width: 0!important;overflow:hidden;\">Clientes<\/legend><input type='hidden' name='__fluent_form_embded_post_id' value='37' \/><input type=\"hidden\" id=\"_fluentform_6_fluentformnonce\" name=\"_fluentform_6_fluentformnonce\" value=\"f7f662d8f5\" \/><input type=\"hidden\" name=\"_wp_http_referer\" value=\"\/si\/wp-json\/wp\/v2\/pages\/37\" \/><div data-type=\"name-element\" data-name=\"names\" class=\" ff-field_container ff-name-field-wrapper\" ><div class='ff-t-container'><div class='ff-t-cell '><div class='ff-el-group'><div class=\"ff-el-input--label asterisk-right\"><label for='ff_6_names_first_name_' id='label_ff_6_names_first_name_' >Nombre<\/label><\/div><div class='ff-el-input--content'><input type=\"text\" name=\"names[first_name]\" id=\"ff_6_names_first_name_\" class=\"ff-el-form-control\" placeholder=\"Nombre\" aria-invalid=\"false\" aria-required=false><\/div><\/div><\/div><\/div><\/div><div class='ff-el-group'><div class=\"ff-el-input--label ff-el-is-required asterisk-right\"><label for='ff_6_email' id='label_ff_6_email' aria-label=\"Email\">Email<\/label><\/div><div class='ff-el-input--content'><input type=\"email\" name=\"email\" id=\"ff_6_email\" class=\"ff-el-form-control\" placeholder=\"Email \" data-name=\"email\"  aria-invalid=\"false\" aria-required=true><\/div><\/div><div class='ff-el-group'><div class=\"ff-el-input--label ff-el-is-required asterisk-right\"><label   aria-label=\"Cliente\">Cliente<\/label><\/div><div class='ff-el-input--content'><div class='ff-el-form-check ff-el-form-check-'><label class='ff-el-form-check-label' for='input_radio_54038db965dde189e8351c54956afe4e'><input  type=\"radio\" name=\"input_radio\" data-name=\"input_radio\" class=\"ff-el-form-check-input ff-el-form-check-radio\" value=\"Personal\"  id='input_radio_54038db965dde189e8351c54956afe4e' aria-label='Personal' aria-invalid='false' aria-required=true> <span>Personal<\/span><\/label><\/div><div class='ff-el-form-check ff-el-form-check-'><label class='ff-el-form-check-label' for='input_radio_73c6d4ec336979a933273217cd9d9fbf'><input  type=\"radio\" name=\"input_radio\" data-name=\"input_radio\" class=\"ff-el-form-check-input ff-el-form-check-radio\" value=\"Aut\u00f3nomo\"  id='input_radio_73c6d4ec336979a933273217cd9d9fbf' aria-label='Aut\u00f3nomo' aria-invalid='false' aria-required=true> <span>Aut\u00f3nomo<\/span><\/label><\/div><div class='ff-el-form-check ff-el-form-check-'><label class='ff-el-form-check-label' for='input_radio_2ba534cef4c5784cc3e72d1f297efaad'><input  type=\"radio\" name=\"input_radio\" data-name=\"input_radio\" class=\"ff-el-form-check-input ff-el-form-check-radio\" value=\"Empresa\"  id='input_radio_2ba534cef4c5784cc3e72d1f297efaad' aria-label='Empresa' aria-invalid='false' aria-required=true> <span>Empresa<\/span><\/label><\/div><\/div><\/div><div class='ff-el-group'><div class=\"ff-el-input--label ff-el-is-required asterisk-right\"><label   aria-label=\"Lugar de Servicio\">Lugar de Servicio<\/label><\/div><div class='ff-el-input--content'><div class='ff-el-form-check ff-el-form-check-'><label class='ff-el-form-check-label' for='input_radio_1_b75da75b6dcfefff9519f7e935aa9b9f'><input  type=\"radio\" name=\"input_radio_1\" data-name=\"input_radio_1\" class=\"ff-el-form-check-input ff-el-form-check-radio\" value=\"En Despacho 1 - CIFE\"  id='input_radio_1_b75da75b6dcfefff9519f7e935aa9b9f' aria-label='En Despacho 1 - CIFE' aria-invalid='false' aria-required=true> <span>En Despacho 1 - CIFE<\/span><\/label><\/div><div class='ff-el-form-check ff-el-form-check-'><label class='ff-el-form-check-label' for='input_radio_1_bff3186f7527394543f7f41aaec61fbc'><input  type=\"radio\" name=\"input_radio_1\" data-name=\"input_radio_1\" class=\"ff-el-form-check-input ff-el-form-check-radio\" value=\"A Domicilio\"  id='input_radio_1_bff3186f7527394543f7f41aaec61fbc' aria-label='A Domicilio' aria-invalid='false' aria-required=true> <span>A Domicilio<\/span><\/label><\/div><div class='ff-el-form-check ff-el-form-check-'><label class='ff-el-form-check-label' for='input_radio_1_189095255cd8bed05113ca753321ec8e'><input  type=\"radio\" name=\"input_radio_1\" data-name=\"input_radio_1\" class=\"ff-el-form-check-input ff-el-form-check-radio\" value=\"Remoto\"  id='input_radio_1_189095255cd8bed05113ca753321ec8e' aria-label='Remoto' aria-invalid='false' aria-required=true> <span>Remoto<\/span><\/label><\/div><\/div><\/div><div class='ff-el-group has-conditions'><div class=\"ff-el-input--label ff-el-is-required asterisk-right\"><label   aria-label=\"Servicios Requeridos\">Servicios Requeridos<\/label><\/div><div class='ff-el-input--content'><div class='ff-el-form-check ff-el-form-check-'><label class='ff-el-form-check-label' for='checkbox_f0d8b02533c373463a3a5fb5d1cf71c6'><input  type=\"checkbox\" name=\"checkbox[]\" data-name=\"checkbox\" class=\"ff-el-form-check-input ff-el-form-check-checkbox\" value=\"Reparaci\u00f3n Express\"  id='checkbox_f0d8b02533c373463a3a5fb5d1cf71c6' aria-label='Reparaci\u00f3n Express' aria-invalid='false' aria-required=true> <span>Reparaci\u00f3n Express<\/span><\/label><\/div><div class='ff-el-form-check ff-el-form-check-'><label class='ff-el-form-check-label' for='checkbox_939e0e16db17a75fc482632fd95900d0'><input  type=\"checkbox\" name=\"checkbox[]\" data-name=\"checkbox\" class=\"ff-el-form-check-input ff-el-form-check-checkbox\" value=\"Eliminaci\u00f3n de Virus y Optimizaci\u00f3n\"  id='checkbox_939e0e16db17a75fc482632fd95900d0' aria-label='Eliminaci\u00f3n de Virus y Optimizaci\u00f3n' aria-invalid='false' aria-required=true> <span>Eliminaci\u00f3n de Virus y Optimizaci\u00f3n<\/span><\/label><\/div><div class='ff-el-form-check ff-el-form-check-'><label class='ff-el-form-check-label' for='checkbox_baea697da8b47ef6dd772d960a3a1c56'><input  type=\"checkbox\" name=\"checkbox[]\" data-name=\"checkbox\" class=\"ff-el-form-check-input ff-el-form-check-checkbox\" value=\"Instalaci\u00f3n de Windows \/ Programas\"  id='checkbox_baea697da8b47ef6dd772d960a3a1c56' aria-label='Instalaci\u00f3n de Windows \/ Programas' aria-invalid='false' aria-required=true> <span>Instalaci\u00f3n de Windows \/ Programas<\/span><\/label><\/div><div class='ff-el-form-check ff-el-form-check-'><label class='ff-el-form-check-label' for='checkbox_363f18b8f175f8c5d2607de7bb3acf30'><input  type=\"checkbox\" name=\"checkbox[]\" data-name=\"checkbox\" class=\"ff-el-form-check-input ff-el-form-check-checkbox\" value=\"Actualizaci\u00f3n de Disco HD a SSD\"  id='checkbox_363f18b8f175f8c5d2607de7bb3acf30' aria-label='Actualizaci\u00f3n de Disco HD a SSD' aria-invalid='false' aria-required=true> <span>Actualizaci\u00f3n de Disco HD a SSD<\/span><\/label><\/div><div class='ff-el-form-check ff-el-form-check-'><label class='ff-el-form-check-label' for='checkbox_b5a4e2fd89e57fdaa4784f9f73426a5a'><input  type=\"checkbox\" name=\"checkbox[]\" data-name=\"checkbox\" class=\"ff-el-form-check-input ff-el-form-check-checkbox\" value=\"Recuperaci\u00f3n de Datos\"  id='checkbox_b5a4e2fd89e57fdaa4784f9f73426a5a' aria-label='Recuperaci\u00f3n de Datos' aria-invalid='false' aria-required=true> <span>Recuperaci\u00f3n de Datos<\/span><\/label><\/div><div class='ff-el-form-check ff-el-form-check-'><label class='ff-el-form-check-label' for='checkbox_32ac1fea2342874ce93c3d8496d6fb91'><input  type=\"checkbox\" name=\"checkbox[]\" data-name=\"checkbox\" class=\"ff-el-form-check-input ff-el-form-check-checkbox\" value=\"Mantenimiento Preventivo\"  id='checkbox_32ac1fea2342874ce93c3d8496d6fb91' aria-label='Mantenimiento Preventivo' aria-invalid='false' aria-required=true> <span>Mantenimiento Preventivo<\/span><\/label><\/div><div class='ff-el-form-check ff-el-form-check-'><label class='ff-el-form-check-label' for='checkbox_17dd38150c0c72fa11ae1605577ead8d'><input  type=\"checkbox\" name=\"checkbox[]\" data-name=\"checkbox\" class=\"ff-el-form-check-input ff-el-form-check-checkbox\" value=\"Otro\"  id='checkbox_17dd38150c0c72fa11ae1605577ead8d' aria-label='Otro' aria-invalid='false' aria-required=true> <span>Otro<\/span><\/label><\/div><\/div><\/div><div class='ff-el-group has-conditions'><div class=\"ff-el-input--label ff-el-is-required asterisk-right\"><label for='ff_6_input_text' id='label_ff_6_input_text' aria-label=\"Empresa o Raz\u00f3n Social\">Empresa o Raz\u00f3n Social<\/label><\/div><div class='ff-el-input--content'><input type=\"text\" name=\"input_text\" class=\"ff-el-form-control\" placeholder=\"Nombre de Empresa o Raz\u00f3n Social\" data-name=\"input_text\" id=\"ff_6_input_text\"  aria-invalid=\"false\" aria-required=true><\/div><\/div><div class='ff-el-group has-conditions'><div class=\"ff-el-input--label asterisk-right\"><label for='ff_6_url' id='label_ff_6_url' aria-label=\"URL\">URL<\/label><\/div><div class='ff-el-input--content'><input type=\"url\" name=\"url\" class=\"ff-el-form-control\" placeholder=\"Web de la Empresa\" data-name=\"url\" id=\"ff_6_url\"  aria-invalid=\"false\" aria-required=false><\/div><\/div><div class='ff-el-group has-conditions'><div class=\"ff-el-input--label ff-el-is-required asterisk-right\"><label for='ff_6_input_text_1' id='label_ff_6_input_text_1' aria-label=\"Tel\u00e9fono\">Tel\u00e9fono<\/label><\/div><div class='ff-el-input--content'><input type=\"text\" name=\"input_text_1\" class=\"ff-el-form-control\" placeholder=\"N\u00famero de Tel\u00e9fono o Whatsapp\" data-name=\"input_text_1\" id=\"ff_6_input_text_1\"  aria-invalid=\"false\" aria-required=true><\/div><\/div><div class='ff-el-group has-conditions'><div class=\"ff-el-input--label ff-el-is-required asterisk-right\"><label   aria-label=\"Servicios Requeridos\">Servicios Requeridos<\/label><\/div><div class='ff-el-input--content'><div class='ff-el-form-check ff-el-form-check-'><label class='ff-el-form-check-label' for='checkbox_1_6e2ea927e77286d6e7b7a6a348cbbcf8'><input  type=\"checkbox\" name=\"checkbox_1[]\" data-name=\"checkbox_1\" class=\"ff-el-form-check-input ff-el-form-check-checkbox\" value=\"Instalaci\u00f3n Red WiFi Empresarial\"  id='checkbox_1_6e2ea927e77286d6e7b7a6a348cbbcf8' aria-label='Instalaci\u00f3n Red WiFi Empresarial' aria-invalid='false' aria-required=true> <span>Instalaci\u00f3n Red WiFi Empresarial<\/span><\/label><\/div><div class='ff-el-form-check ff-el-form-check-'><label class='ff-el-form-check-label' for='checkbox_1_515cf914f405dca9a8b4137a60d14e3e'><input  type=\"checkbox\" name=\"checkbox_1[]\" data-name=\"checkbox_1\" class=\"ff-el-form-check-input ff-el-form-check-checkbox\" value=\"Soporte T\u00e9cnico Peri\u00f3dico\"  id='checkbox_1_515cf914f405dca9a8b4137a60d14e3e' aria-label='Soporte T\u00e9cnico Peri\u00f3dico' aria-invalid='false' aria-required=true> <span>Soporte T\u00e9cnico Peri\u00f3dico<\/span><\/label><\/div><div class='ff-el-form-check ff-el-form-check-'><label class='ff-el-form-check-label' for='checkbox_1_465c9bb6898e63c27a6e0a01f3bdf82e'><input  type=\"checkbox\" name=\"checkbox_1[]\" data-name=\"checkbox_1\" class=\"ff-el-form-check-input ff-el-form-check-checkbox\" value=\"Montaje y Venta de Equipos\"  id='checkbox_1_465c9bb6898e63c27a6e0a01f3bdf82e' aria-label='Montaje y Venta de Equipos' aria-invalid='false' aria-required=true> <span>Montaje y Venta de Equipos<\/span><\/label><\/div><div class='ff-el-form-check ff-el-form-check-'><label class='ff-el-form-check-label' for='checkbox_1_cec25701fa993335c85a0655282db9c6'><input  type=\"checkbox\" name=\"checkbox_1[]\" data-name=\"checkbox_1\" class=\"ff-el-form-check-input ff-el-form-check-checkbox\" value=\"Configuraci\u00f3n de Equipos\"  id='checkbox_1_cec25701fa993335c85a0655282db9c6' aria-label='Configuraci\u00f3n de Equipos' aria-invalid='false' aria-required=true> <span>Configuraci\u00f3n de Equipos<\/span><\/label><\/div><div class='ff-el-form-check ff-el-form-check-'><label class='ff-el-form-check-label' for='checkbox_1_abaeb95c3e40175cdef870ceccfaa335'><input  type=\"checkbox\" name=\"checkbox_1[]\" data-name=\"checkbox_1\" class=\"ff-el-form-check-input ff-el-form-check-checkbox\" value=\"Instalaci\u00f3n de C\u00e1mara de Seguridad\"  id='checkbox_1_abaeb95c3e40175cdef870ceccfaa335' aria-label='Instalaci\u00f3n de C\u00e1mara de Seguridad' aria-invalid='false' aria-required=true> <span>Instalaci\u00f3n de C\u00e1mara de Seguridad<\/span><\/label><\/div><div class='ff-el-form-check ff-el-form-check-'><label class='ff-el-form-check-label' for='checkbox_1_26c1c7f9562ed698d4e5f3536344f411'><input  type=\"checkbox\" name=\"checkbox_1[]\" data-name=\"checkbox_1\" class=\"ff-el-form-check-input ff-el-form-check-checkbox\" value=\"Otro\"  id='checkbox_1_26c1c7f9562ed698d4e5f3536344f411' aria-label='Otro' aria-invalid='false' aria-required=true> <span>Otro<\/span><\/label><\/div><\/div><\/div><div class='ff-el-group'><div class=\"ff-el-input--label asterisk-right\"><label for='ff_6_description' id='label_ff_6_description' aria-label=\"Mensaje o Comentarios\">Mensaje o Comentarios<\/label><\/div><div class='ff-el-input--content'><textarea aria-required=\"false\" aria-labelledby=\"label_ff_6_description\" name=\"description\" id=\"ff_6_description\" class=\"ff-el-form-control\" placeholder=\"Comparte detalles de tus problemas u otra informaci\u00f3n que consideres importante para una mejor atenci\u00f3n.\" rows=\"3\" cols=\"2\" data-name=\"description\" ><\/textarea><\/div><\/div><div class='ff-el-group ff-text-right ff_submit_btn_wrapper'><button type=\"submit\" class=\"ff-btn ff-btn-submit ff-btn-md ff_btn_style\"  aria-label=\"Solicitar Servicio Ahora\">Solicitar Servicio Ahora<\/button><\/div><\/fieldset><\/form><div id='fluentform_6_errors' class='ff-errors-in-stack ff_form_instance_6_1 ff-form-loading_errors ff_form_instance_6_1_errors'><\/div><\/div>            <script type=\"text\/javascript\">\n                window.fluent_form_ff_form_instance_6_1 = {\"id\":\"6\",\"settings\":{\"layout\":{\"labelPlacement\":\"top\",\"asteriskPlacement\":\"asterisk-right\",\"helpMessagePlacement\":\"with_label\",\"errorMessagePlacement\":\"inline\",\"cssClassName\":\"\"},\"restrictions\":{\"denyEmptySubmission\":{\"enabled\":false}}},\"form_instance\":\"ff_form_instance_6_1\",\"form_id_selector\":\"fluentform_6\",\"rules\":{\"names[first_name]\":{\"required\":{\"value\":false,\"message\":\"This field is required\",\"global\":false,\"global_message\":\"Este campo es obligatorio\"}},\"names[middle_name]\":{\"required\":{\"value\":false,\"message\":\"This field is required\",\"global\":false,\"global_message\":\"Este campo es obligatorio\"}},\"names[last_name]\":{\"required\":{\"value\":false,\"message\":\"This field is required\",\"global\":false,\"global_message\":\"Este campo es obligatorio\"}},\"email\":{\"required\":{\"value\":true,\"message\":\"Este campo es obligatorio\",\"global\":true,\"global_message\":\"Este campo es obligatorio\"},\"email\":{\"value\":true,\"message\":\"This field must contain a valid email\",\"global\":false,\"global_message\":\"Este campo debe contener un correo electr\\u00f3nico v\\u00e1lido\"}},\"input_radio\":{\"required\":{\"value\":true,\"message\":\"Este campo es obligatorio\",\"global_message\":\"Este campo es obligatorio\",\"global\":true}},\"input_radio_1\":{\"required\":{\"value\":true,\"message\":\"Este campo es obligatorio\",\"global_message\":\"Este campo es obligatorio\",\"global\":true}},\"checkbox\":{\"required\":{\"value\":true,\"message\":\"Este campo es obligatorio\",\"global_message\":\"Este campo es obligatorio\",\"global\":true}},\"input_text\":{\"required\":{\"value\":true,\"message\":\"Este campo es obligatorio\",\"global_message\":\"Este campo es obligatorio\",\"global\":true}},\"url\":{\"required\":{\"value\":false,\"message\":\"Este campo es obligatorio\",\"global_message\":\"Este campo es obligatorio\",\"global\":true},\"url\":{\"value\":true,\"message\":\"Este campo debe contener una URL v\\u00e1lida\",\"global_message\":\"Este campo debe contener una URL v\\u00e1lida\",\"global\":true}},\"input_text_1\":{\"required\":{\"value\":true,\"message\":\"Este campo es obligatorio\",\"global_message\":\"Este campo es obligatorio\",\"global\":true}},\"checkbox_1\":{\"required\":{\"value\":true,\"message\":\"Este campo es obligatorio\",\"global_message\":\"Este campo es obligatorio\",\"global\":true}},\"description\":{\"required\":{\"value\":false,\"message\":\"Este campo es obligatorio\",\"global_message\":\"Este campo es obligatorio\",\"global\":true}}},\"debounce_time\":300,\"conditionals\":{\"checkbox\":{\"type\":\"any\",\"status\":true,\"conditions\":[{\"field\":\"input_radio\",\"value\":\"Personal\",\"operator\":\"=\"},{\"field\":\"input_radio\",\"value\":\"Aut\\u00f3nomo\",\"operator\":\"=\"}],\"condition_groups\":[{\"rules\":[{\"field\":\"\",\"value\":\"\",\"operator\":\"\"}],\"title\":\"\",\"isEditingTitle\":false,\"isPreviewOpen\":false,\"isGroupOpen\":true}]},\"input_text\":{\"type\":\"any\",\"status\":true,\"conditions\":[{\"field\":\"input_radio\",\"value\":\"Empresa\",\"operator\":\"=\"}],\"condition_groups\":[{\"rules\":[{\"field\":\"\",\"value\":\"\",\"operator\":\"\"}],\"title\":\"\",\"isEditingTitle\":false,\"isPreviewOpen\":false,\"isGroupOpen\":true}]},\"url\":{\"type\":\"any\",\"status\":true,\"conditions\":[{\"field\":\"input_radio\",\"value\":\"Empresa\",\"operator\":\"=\"}],\"condition_groups\":[{\"rules\":[{\"field\":\"\",\"value\":\"\",\"operator\":\"\"}],\"title\":\"\",\"isEditingTitle\":false,\"isPreviewOpen\":false,\"isGroupOpen\":true}]},\"input_text_1\":{\"type\":\"any\",\"status\":true,\"conditions\":[{\"field\":\"input_radio_1\",\"value\":\"A Domicilio\",\"operator\":\"=\"},{\"field\":\"input_radio_1\",\"value\":\"Remoto\",\"operator\":\"=\"}],\"condition_groups\":[{\"rules\":[{\"field\":\"\",\"value\":\"\",\"operator\":\"\"}],\"title\":\"\",\"isEditingTitle\":false,\"isPreviewOpen\":false,\"isGroupOpen\":true}]},\"checkbox_1\":{\"type\":\"any\",\"status\":true,\"conditions\":[{\"field\":\"input_radio\",\"value\":\"Empresa\",\"operator\":\"=\"}],\"condition_groups\":[{\"rules\":[{\"field\":\"\",\"value\":\"\",\"operator\":\"\"}],\"title\":\"\",\"isEditingTitle\":false,\"isPreviewOpen\":false,\"isGroupOpen\":true}]}}};\n                            <\/script>\n            <\/div><\/div>\n<\/div>\n\n<div class=\"et_pb_column_2 et_pb_column et-last-child et_flex_column et_pb_css_mix_blend_mode_passthrough et_flex_column_12_24 et_flex_column_12_24_tablet et_flex_column_24_24_phone\">\n<div class=\"et_pb_text_1 et_pb_text et_pb_bg_layout_light et_pb_module et_flex_module preset--module--divi-text--default\"><div class=\"et_pb_text_inner\"><p class=\"font-claude-response-body break-words whitespace-normal leading-[1.7]\"><strong>\u00bfPor qu\u00e9 elegirnos?<\/strong><\/p>\n<p class=\"font-claude-response-body break-words whitespace-normal leading-[1.7]\"><strong><\/strong><\/p>\n<ul>\n<li class=\"font-claude-response-body break-words whitespace-normal leading-[1.7]\"><strong>Respuesta en menos de 24 horas<\/strong><span>\u00a0<\/span>Te contactamos r\u00e1pidamente para resolver tu problema inform\u00e1tico.<\/li>\n<li class=\"font-claude-response-body break-words whitespace-normal leading-[1.7]\"><strong>Diagn\u00f3stico gratuito<\/strong><span>\u00a0<\/span>Evaluamos tu equipo sin compromiso y te damos un presupuesto transparente.<\/li>\n<li class=\"font-claude-response-body break-words whitespace-normal leading-[1.7]\"><strong>Profesionales certificados<\/strong><span>\u00a0<\/span>M\u00e1s de 10 a\u00f1os de experiencia en reparaci\u00f3n y mantenimiento inform\u00e1tico.<\/li>\n<li class=\"font-claude-response-body break-words whitespace-normal leading-[1.7]\"><strong>En Fuenlabrada y a domicilio<\/strong><span>\u00a0<\/span>Vis\u00edtanos en el CIFE o solicita servicio a domicilio en tu zona.<\/li>\n<li class=\"font-claude-response-body break-words whitespace-normal leading-[1.7]\"><strong>Garant\u00eda en todas las reparaciones<\/strong><span>\u00a0<\/span>Trabajamos con piezas de calidad y garantizamos nuestro servicio.<\/li>\n<\/ul>\n<\/div><\/div>\n<\/div>\n<\/div>\n<\/div>\n\n<div class=\"et_pb_section_1 et_pb_section et_section_specialty et_pb_gutters2 et_block_section\"><span class=\"et_pb_background_mask\"><\/span><div class=\"et_pb_row et_block_row\">\n<div class=\"et_pb_column_3 et_pb_column et_pb_column_single et_pb_column_1_2 et_block_column et_pb_css_mix_blend_mode_passthrough\">\n<div class=\"et_pb_code_1 et_pb_code et_pb_text_align_center et_pb_module\"><div class=\"et_pb_code_inner\"><iframe src=\"https:\/\/www.google.com\/maps\/embed?pb=!1m18!1m12!1m3!1d3043.023986444383!2d-3.8030067227326265!3d40.29742636289003!2m3!1f0!2f0!3f0!3m2!1i1024!2i768!4f13.1!3m3!1m2!1s0xd418b906ae5bf4d%3A0x679e19627fa9447b!2sCIFE%20-%20Centro%20de%20Iniciativas%20para%20la%20Formaci%C3%B3n%20y%20el%20Empleo!5e0!3m2!1ses!2ses!4v1770976601112!5m2!1ses!2ses\" width=\"600\" height=\"450\" style=\"border:0;\" allowfullscreen=\"\" loading=\"lazy\" referrerpolicy=\"no-referrer-when-downgrade\"><\/iframe><\/div><\/div>\n<\/div>\n\n<div class=\"et_pb_column_4 et_pb_column et_pb_specialty_column et_pb_column_1_2 et-last-child et_block_column et_pb_css_mix_blend_mode_passthrough\">\n<div class=\"et_pb_row_inner_0 et_pb_row_inner et_block_row\">\n<div class=\"et_pb_column_inner_0 et_pb_column_inner et_pb_column et_pb_column_4_4 et-last-child et_block_column et_pb_css_mix_blend_mode_passthrough\">\n<div class=\"et_pb_text_2 et_pb_text et_pb_bg_layout_light et_pb_module et_block_module et_pb_text_align_center preset--module--divi-text--default\"><div class=\"et_pb_text_inner\"><p style=\"text-align: center;\"><strong>SI - Soluciones Inform\u00e1ticas<\/strong><\/p>\n<\/div><\/div>\n\n<div class=\"et_pb_text_3 et_pb_text et_pb_bg_layout_light et_pb_module et_block_module preset--module--divi-text--default\"><div class=\"et_pb_text_inner\"><p><strong>Despacho 1 -\u00a0CIFE - Fuenlabrada<\/strong><\/p>\n<p><span>Avenida de las Provincias, 33 - 28941<\/span><\/p>\n<p><span> Fuenlabrada (Madrid)<\/span><\/p>\n<\/div><\/div>\n\n<div class=\"et_pb_text_4 et_pb_text et_pb_bg_layout_light et_pb_module et_block_module preset--module--divi-text--default\"><div class=\"et_pb_text_inner\"><p>Web: <a href=\"https:\/\/si.popol-nah.es\/\" title=\"SI - Soluciones Inform\u00e1ticas\"><strong>SI - Soluciones Inform\u00e1ticas<\/strong><\/a><\/p>\n<p>Whatsapp: <strong>+34 614 40 54 23<\/strong><\/p>\n<p>Facebook: <strong>SI - Soluciones Inform\u00e1ticas<\/strong><\/p>\n<p>Instagram:<strong> SI - Soluciones Inform\u00e1ticas<\/strong><\/p>\n<p>LinkedIn: <strong>SI - Soluciones Inform\u00e1ticas<\/strong><\/p>\n<\/div><\/div>\n<\/div>\n<\/div>\n<\/div>\n<\/div><\/div>","protected":false},"excerpt":{"rendered":"","protected":false},"author":1,"featured_media":0,"parent":0,"menu_order":0,"comment_status":"closed","ping_status":"closed","template":"","meta":{"footnotes":""},"class_list":["post-37","page","type-page","status-publish","hentry"],"_hostinger_reach_plugin_has_subscription_block":false,"_hostinger_reach_plugin_is_elementor":false,"_links":{"self":[{"href":"https:\/\/popol-nah.es\/si\/wp-json\/wp\/v2\/pages\/37","targetHints":{"allow":["GET"]}}],"collection":[{"href":"https:\/\/popol-nah.es\/si\/wp-json\/wp\/v2\/pages"}],"about":[{"href":"https:\/\/popol-nah.es\/si\/wp-json\/wp\/v2\/types\/page"}],"author":[{"embeddable":true,"href":"https:\/\/popol-nah.es\/si\/wp-json\/wp\/v2\/users\/1"}],"replies":[{"embeddable":true,"href":"https:\/\/popol-nah.es\/si\/wp-json\/wp\/v2\/comments?post=37"}],"version-history":[{"count":90,"href":"https:\/\/popol-nah.es\/si\/wp-json\/wp\/v2\/pages\/37\/revisions"}],"predecessor-version":[{"id":642,"href":"https:\/\/popol-nah.es\/si\/wp-json\/wp\/v2\/pages\/37\/revisions\/642"}],"wp:attachment":[{"href":"https:\/\/popol-nah.es\/si\/wp-json\/wp\/v2\/media?parent=37"}],"curies":[{"name":"wp","href":"https:\/\/api.w.org\/{rel}","templated":true}]}}