{"id":31,"date":"2026-02-02T19:32:46","date_gmt":"2026-02-02T19:32:46","guid":{"rendered":"https:\/\/popol-nah.es\/si\/?page_id=31"},"modified":"2026-02-15T14:02:55","modified_gmt":"2026-02-15T14:02:55","slug":"servicios","status":"publish","type":"page","link":"https:\/\/popol-nah.es\/si\/servicios\/","title":{"rendered":"Servicios"},"content":{"rendered":"<div class=\"et_pb_section_0 et_pb_section et_section_regular et_block_section\"><div class=\"et_pb_row_0 et_pb_row et_block_row\"><div class=\"et_pb_column_0 et_pb_column et_pb_column_4_4 et-last-child et_block_column et_pb_css_mix_blend_mode_passthrough\"><div class=\"et_pb_text_0 et_pb_text et_pb_bg_layout_light et_pb_module et_block_module preset--module--divi-text--default\"><div class=\"et_pb_text_inner\"><h1>Todos nuestros servicios<\/h1>\n<\/div><\/div><div class=\"et_pb_text_1 et_pb_text et_pb_bg_layout_light et_pb_module et_block_module preset--module--divi-text--default\"><div class=\"et_pb_text_inner\"><p>Reparaci\u00f3n, mantenimiento, upgrades y soporte t\u00e9cnico para particulares y empresas. Diagn\u00f3stico presencial o remoto gratuito en todos los casos.<\/p>\n<\/div><\/div><\/div><\/div><\/div><div class=\"et_pb_section_1 et_pb_section et_section_regular et_block_section\"><span class=\"et_pb_background_mask\"><\/span><div class=\"et_pb_row_1 et_pb_row et_block_row\"><div class=\"et_pb_column_1 et_pb_column et_pb_column_4_4 et-last-child et_block_column et_pb_css_mix_blend_mode_passthrough\"><div class=\"et_pb_text_2 et_pb_text et_pb_bg_layout_light et_pb_module et_block_module preset--module--divi-text--default\"><div class=\"et_pb_text_inner\"><h2>\u00a0Servicios para Particulares<\/h2>\n<\/div><\/div><div class=\"et_pb_code_0 et_pb_code et_pb_module\"><div class=\"et_pb_code_inner\">\n<table id=\"tablepress-2\" class=\"tablepress tablepress-id-2\">\n<thead>\n<tr class=\"row-1\">\n\t<th class=\"column-1\">SERVICIO<\/th><th class=\"column-2\">QU\u00c9 INCLUYE<\/th><th class=\"column-3\">PRECIO<\/th><th class=\"column-4\">TIEMPO<\/th>\n<\/tr>\n<\/thead>\n<tbody class=\"row-striping row-hover\">\n<tr class=\"row-2\">\n\t<td class=\"column-1\">Reparaci\u00f3n Express de Port\u00e1tiles. <br \/>\nPantallas, teclados, bater\u00edas, bisagras, puertos<\/td><td class=\"column-2\">Diagn\u00f3stico gratuito, componente de calidad, instalaci\u00f3n profesional, pruebas completas<\/td><td class=\"column-3\">Desde 70\u20ac + componente<\/td><td class=\"column-4\">24-48h<\/td>\n<\/tr>\n<tr class=\"row-3\">\n\t<td class=\"column-1\">Eliminaci\u00f3n de Virus y Optimizaci\u00f3n<br \/>\n\"Mi ordenador va lento\"<\/td><td class=\"column-2\">An\u00e1lisis profundo, eliminaci\u00f3n malware, limpieza archivos, optimizaci\u00f3n arranque, antivirus instalado<\/td><td class=\"column-3\">60\u20ac<\/td><td class=\"column-4\">2-4h<\/td>\n<\/tr>\n<tr class=\"row-4\">\n\t<td class=\"column-1\">Instalaci\u00f3n de Windows<br \/>\nWindows 10 \/ 11 limpio y configurado<br \/>\n<\/td><td class=\"column-2\">Windows original, drivers actualizados, Office, antivirus, programas b\u00e1sicos, transferencia datos<\/td><td class=\"column-3\">80\u20ac<\/td><td class=\"column-4\">3-4h<\/td>\n<\/tr>\n<tr class=\"row-5\">\n\t<td class=\"column-1\">Upgrade a SSD \/ Memoria RAM<br \/>\nMejora de velocidad hasta 5x<br \/>\n<\/td><td class=\"column-2\">SSD \/ Memoria RAM de calidad, clonado completo de datos, instalaci\u00f3n, optimizaci\u00f3n, verificaci\u00f3n<\/td><td class=\"column-3\">90\u20ac + SSD \/ RAM<\/td><td class=\"column-4\">2-3h<\/td>\n<\/tr>\n<tr class=\"row-6\">\n\t<td class=\"column-1\">Recuperaci\u00f3n de Datos<br \/>\nArchivos borrados, discos da\u00f1ados, fotos perdidas<br \/>\n<\/td><td class=\"column-2\">Diagn\u00f3stico, recuperaci\u00f3n de documentos \/ fotos \/ v\u00eddeos, discos que no arrancan. Solo cobro si recupero<\/td><td class=\"column-3\">Desde 90\u20ac<\/td><td class=\"column-4\">1-3 d\u00edas<\/td>\n<\/tr>\n<tr class=\"row-7\">\n\t<td class=\"column-1\">Mantenimiento Preventivo Anual<br \/>\nEvita problemas antes de que aparezcan<\/td><td class=\"column-2\">Limpieza f\u00edsica, pasta t\u00e9rmica, actualizaci\u00f3n sistema, an\u00e1lisis disco, test RAM, backup datos<\/td><td class=\"column-3\">60\u20ac<\/td><td class=\"column-4\">1.5-2h<\/td>\n<\/tr>\n<\/tbody>\n<\/table>\n<\/div><\/div><\/div><\/div><\/div><div class=\"et_pb_section_2 et_pb_section et_section_regular et_block_section\"><span class=\"et_pb_background_mask\"><\/span><div class=\"et_pb_row_2 et_pb_row et_block_row\"><div class=\"et_pb_column_2 et_pb_column et_pb_column_4_4 et-last-child et_block_column et_pb_css_mix_blend_mode_passthrough\"><div class=\"et_pb_text_3 et_pb_text et_pb_bg_layout_light et_pb_module et_block_module preset--module--divi-text--default\"><div class=\"et_pb_text_inner\"><h2><span>\u00a0Servicios para PYMEs<\/span><\/h2>\n<\/div><\/div><div class=\"et_pb_code_1 et_pb_code et_pb_module\"><div class=\"et_pb_code_inner\">\n<table id=\"tablepress-3\" class=\"tablepress tablepress-id-3\">\n<thead>\n<tr class=\"row-1\">\n\t<th class=\"column-1\">Servicio<\/th><th class=\"column-2\">Qu\u00e9 incluye<\/th><th class=\"column-3\">Precio<\/th><th class=\"column-4\">Tiempo<\/th>\n<\/tr>\n<\/thead>\n<tbody class=\"row-striping row-hover\">\n<tr class=\"row-2\">\n\t<td class=\"column-1\">Instalaci\u00f3n Red WiFi Empresarial<br \/>\nRed r\u00e1pida, segura y completa<\/td><td class=\"column-2\">Router empresarial, cobertura completa, red invitados, configuraci\u00f3n seguridad, QoS<\/td><td class=\"column-3\">Desde 150\u20ac<\/td><td class=\"column-4\">1-2 d\u00eda<\/td>\n<\/tr>\n<tr class=\"row-3\">\n\t<td class=\"column-1\">Soporte T\u00e9cnico Mensual<br \/>\nTu IT externalizado<\/td><td class=\"column-2\">Visita mensual, soporte remoto ilimitado, mantenimiento preventivo, prioridad en urgencias<\/td><td class=\"column-3\">Desde 100\u20ac\/mes<\/td><td class=\"column-4\">Contrato<\/td>\n<\/tr>\n<tr class=\"row-4\">\n\t<td class=\"column-1\">Montaje y Venta de Equipos<br \/>\nPCs a medida para tu empresa<\/td><td class=\"column-2\">Asesoramiento, montaje personalizado, instalaci\u00f3n SO y programas, configuraci\u00f3n red<\/td><td class=\"column-3\">Desde 700\u20ac<\/td><td class=\"column-4\">2-3 d\u00edas<\/td>\n<\/tr>\n<tr class=\"row-5\">\n\t<td class=\"column-1\">Configuraci\u00f3n de Equipos Nuevos<\/td><td class=\"column-2\">Instalaci\u00f3n programas, migraci\u00f3n datos, configuraci\u00f3n email, red, impresoras<\/td><td class=\"column-3\">90\u20ac\/equipo<\/td><td class=\"column-4\">2-3h<\/td>\n<\/tr>\n<\/tbody>\n<\/table>\n<\/div><\/div><\/div><\/div><\/div><div class=\"et_pb_section_3 et_pb_section et_section_regular et_block_section\"><span class=\"et_pb_background_mask\"><\/span><div class=\"et_pb_row_3 et_pb_row et_block_row\"><div class=\"et_pb_column_3 et_pb_column et_pb_column_4_4 et-last-child et_block_column et_pb_css_mix_blend_mode_passthrough\"><div class=\"et_pb_text_4 et_pb_text et_pb_bg_layout_light et_pb_module et_block_module preset--module--divi-text--default\"><div class=\"et_pb_text_inner\"><h2><span>\u00a0Modalidades de Servicio<\/span><\/h2>\n<\/div><\/div><\/div><\/div><div class=\"et_pb_row_4 et_pb_row et_block_row\"><div class=\"et_pb_column_4 et_pb_column et_pb_column_1_2 et_block_column et_pb_css_mix_blend_mode_passthrough\"><div class=\"et_pb_blurb_0 et_pb_blurb et_pb_bg_layout_light et_pb_blurb_position_top et_pb_module et_block_module\"><div class=\"et_pb_blurb_content\"><div class=\"et_pb_blurb_container\"><h4 class=\"et_pb_module_header\">\ud83d\udccd En el despacho<\/h4><div class=\"et_pb_blurb_description\"><p>CIFE Fuenlabrada, Despacho 1,\u00a0Avenida de las Provincias, 33 - 28941 Fuenlabrada (Madrid).<\/p>\n<p>Has una cita por cualquiera de nuestros canales de comunicaci\u00f3n, trae tu equipo y lo resolvemos.<\/p>\n<\/div><\/div><\/div><\/div><div class=\"et_pb_blurb_1 et_pb_blurb et_pb_bg_layout_light et_pb_blurb_position_top et_pb_module et_block_module\"><div class=\"et_pb_blurb_content\"><div class=\"et_pb_blurb_container\"><h4 class=\"et_pb_module_header\">\ud83d\udcbb Servicio remoto<\/h4><div class=\"et_pb_blurb_description\"><p><span>Muchos problemas se pueden resolver sin necesidad de desplazamiento, basta para ello una buena conexi\u00f3n a Internet.<\/span><\/p>\n<\/div><\/div><\/div><\/div><\/div><div class=\"et_pb_column_5 et_pb_column et_pb_column_1_2 et-last-child et_block_column et_pb_css_mix_blend_mode_passthrough\"><div class=\"et_pb_blurb_2 et_pb_blurb et_pb_bg_layout_light et_pb_blurb_position_top et_pb_module et_block_module\"><div class=\"et_pb_blurb_content\"><div class=\"et_pb_blurb_container\"><h4 class=\"et_pb_module_header\">\ud83c\udfe0 A domicilio<\/h4><div class=\"et_pb_blurb_description\"><p><span>Vamos a tu casa u oficina. Aplica para Fuenlabrada, municipios y comunidades cercanas. (+20 a 30\u20ac)<\/span><\/p>\n<p>Llama o escribe por Whatsapp para acordar una visita.<\/p>\n<p>&nbsp;<\/p>\n<\/div><\/div><\/div><\/div><div class=\"et_pb_blurb_3 et_pb_blurb et_pb_bg_layout_light et_pb_blurb_position_top et_pb_module et_block_module\"><div class=\"et_pb_blurb_content\"><div class=\"et_pb_blurb_container\"><h4 class=\"et_pb_module_header\">\u26a1 Servicio urgente<\/h4><div class=\"et_pb_blurb_description\"><p><span>Necesitas resolver un problema urgente, que sea r\u00e1pido. Priorizamos tu equipo. (+40\u20ac)<\/span><\/p>\n<\/div><\/div><\/div><\/div><\/div><\/div><\/div>","protected":false},"excerpt":{"rendered":"","protected":false},"author":1,"featured_media":0,"parent":0,"menu_order":0,"comment_status":"closed","ping_status":"closed","template":"","meta":{"footnotes":""},"class_list":["post-31","page","type-page","status-publish","hentry"],"_hostinger_reach_plugin_has_subscription_block":false,"_hostinger_reach_plugin_is_elementor":false,"_links":{"self":[{"href":"https:\/\/popol-nah.es\/si\/wp-json\/wp\/v2\/pages\/31","targetHints":{"allow":["GET"]}}],"collection":[{"href":"https:\/\/popol-nah.es\/si\/wp-json\/wp\/v2\/pages"}],"about":[{"href":"https:\/\/popol-nah.es\/si\/wp-json\/wp\/v2\/types\/page"}],"author":[{"embeddable":true,"href":"https:\/\/popol-nah.es\/si\/wp-json\/wp\/v2\/users\/1"}],"replies":[{"embeddable":true,"href":"https:\/\/popol-nah.es\/si\/wp-json\/wp\/v2\/comments?post=31"}],"version-history":[{"count":12,"href":"https:\/\/popol-nah.es\/si\/wp-json\/wp\/v2\/pages\/31\/revisions"}],"predecessor-version":[{"id":366,"href":"https:\/\/popol-nah.es\/si\/wp-json\/wp\/v2\/pages\/31\/revisions\/366"}],"wp:attachment":[{"href":"https:\/\/popol-nah.es\/si\/wp-json\/wp\/v2\/media?parent=31"}],"curies":[{"name":"wp","href":"https:\/\/api.w.org\/{rel}","templated":true}]}}