{"id":28,"date":"2026-02-02T19:31:47","date_gmt":"2026-02-02T19:31:47","guid":{"rendered":"https:\/\/popol-nah.es\/si\/?page_id=28"},"modified":"2026-02-15T14:02:54","modified_gmt":"2026-02-15T14:02:54","slug":"nosotros","status":"publish","type":"page","link":"https:\/\/popol-nah.es\/si\/nosotros\/","title":{"rendered":"Nosotros"},"content":{"rendered":"<div class=\"et_pb_section_0 et_pb_section et_section_regular et_block_section\"><span class=\"et_pb_background_mask\"><\/span><div class=\"et_pb_row_0 et_pb_row et_block_row\"><div class=\"et_pb_column_0 et_pb_column et_pb_column_4_4 et-last-child et_block_column et_pb_css_mix_blend_mode_passthrough\"><div class=\"et_pb_text_0 et_pb_text et_pb_bg_layout_light et_pb_module et_block_module preset--module--divi-text--default\"><div class=\"et_pb_text_inner\"><h1>Profesionales en soluciones inform\u00e1ticas<\/h1>\n<\/div><\/div><div class=\"et_pb_text_1 et_pb_text et_pb_bg_layout_light et_pb_module et_block_module preset--module--divi-text--default\"><div class=\"et_pb_text_inner\"><p>Somos un servicio de reparaci\u00f3n y mantenimiento de ordenadores basado en el CIFE de Fuenlabrada, con m\u00e1s de 12 a\u00f1os de experiencia en el sector de la tecnolog\u00eda. Nuestro objetivo es que te olvides de los problemas de tu ordenador, de eso nos enc\u00e1rgamos nosotros.<\/p>\n<\/div><\/div><div class=\"et_pb_text_2 et_pb_text et_pb_bg_layout_light et_pb_module et_block_module preset--module--divi-text--default\"><div class=\"et_pb_text_inner\"><p>Atendemos tanto a particulares como a PYMEs de la zona de Fuenlabrada, en los municipios y comunidades de los alrededores. Desde una reparaci\u00f3n urgente hasta un plan de mantenimiento para toda una empresa, estamos preparados para darte la mejor soluci\u00f3n.<\/p>\n<\/div><\/div><div class=\"et_pb_text_3 et_pb_text et_pb_bg_layout_light et_pb_module et_block_module preset--module--divi-text--default\"><div class=\"et_pb_text_inner\"><p>Trabajamos desde el <strong>Despacho 1 del CIFE de Fuenlabrada<\/strong>, pero tambi\u00e9n podemos desplazarnos a tu domicilio u oficina. Porque sabemos que tu tiempo vale mucho.<\/p>\n<\/div><\/div><div class=\"et_pb_text_4 et_pb_text et_pb_bg_layout_light et_pb_module et_block_module preset--module--divi-text--default\"><div class=\"et_pb_text_inner\"><p style=\"text-align: center;\"><strong>\"Profesionalidad, rapidez y precios justos. Sin sorpresas, sin letras peque\u00f1as.\"<\/strong><\/p>\n<\/div><\/div><\/div><\/div><\/div><div class=\"et_pb_section_1 et_pb_section et_section_regular et_block_section\"><div class=\"et_pb_row_1 et_pb_row et_block_row\"><div class=\"et_pb_column_1 et_pb_column et_pb_column_4_4 et-last-child et_block_column et_pb_css_mix_blend_mode_passthrough\"><div class=\"et_pb_text_5 et_pb_text et_pb_bg_layout_light et_pb_module et_block_module preset--module--divi-text--default\"><div class=\"et_pb_text_inner\"><h2>\u00a0Nuestros valores<\/h2>\n<\/div><\/div><\/div><\/div><div class=\"et_pb_row_2 et_pb_row et_block_row\"><div class=\"et_pb_column_2 et_pb_column et_pb_column_1_3 et_block_column et_pb_css_mix_blend_mode_passthrough\"><div class=\"et_pb_blurb_0 et_pb_blurb et_pb_bg_layout_light et_pb_text_align_center et_pb_blurb_position_top et_pb_module et_block_module\"><div class=\"et_pb_blurb_content\"><div class=\"et_pb_blurb_container\"><h3 class=\"et_pb_module_header\">Honestidad<\/h3><div class=\"et_pb_blurb_description\"><p>Diagn\u00f3stico gratuito. Si no necesitas reparaci\u00f3n, te lo decimos.<\/p>\n<\/div><\/div><\/div><\/div><\/div><div class=\"et_pb_column_3 et_pb_column et_pb_column_1_3 et_block_column et_pb_css_mix_blend_mode_passthrough\"><div class=\"et_pb_blurb_1 et_pb_blurb et_pb_bg_layout_light et_pb_text_align_center et_pb_blurb_position_top et_pb_module et_block_module\"><div class=\"et_pb_blurb_content\"><div class=\"et_pb_blurb_container\"><h3 class=\"et_pb_module_header\">Rapidez<\/h3><div class=\"et_pb_blurb_description\"><p><span>Sabemos que sin tu ordenador est\u00e1s parado. Priorizamos la velocidad.<\/span><\/p>\n<\/div><\/div><\/div><\/div><\/div><div class=\"et_pb_column_4 et_pb_column et_pb_column_1_3 et-last-child et_block_column et_pb_css_mix_blend_mode_passthrough\"><div class=\"et_pb_blurb_2 et_pb_blurb et_pb_bg_layout_light et_pb_text_align_center et_pb_blurb_position_top et_pb_module et_block_module\"><div class=\"et_pb_blurb_content\"><div class=\"et_pb_blurb_container\"><h3 class=\"et_pb_module_header\">Calidad<\/h3><div class=\"et_pb_blurb_description\"><p><span>Componentes fiables, trabajo profesional y garant\u00eda en todo.<\/span><\/p>\n<p><span><\/span><\/p>\n<\/div><\/div><\/div><\/div><\/div><\/div><\/div><div class=\"et_pb_section_2 et_pb_section et_section_regular et_block_section\"><span class=\"et_pb_background_mask\"><\/span><div class=\"et_pb_row_3 et_pb_row et_block_row\"><div class=\"et_pb_column_5 et_pb_column et_pb_column_4_4 et-last-child et_block_column et_pb_css_mix_blend_mode_passthrough\"><div class=\"et_pb_text_6 et_pb_text et_pb_bg_layout_light et_pb_module et_block_module preset--module--divi-text--default\"><div class=\"et_pb_text_inner\"><h2>\u00a1Somos la opci\u00f3n para tu empresa!<\/h2>\n<\/div><\/div><\/div><\/div><div class=\"et_pb_row_4 et_pb_row et_block_row\"><div class=\"et_pb_column_6 et_pb_column et_pb_column_4_4 et-last-child et_block_column et_pb_css_mix_blend_mode_passthrough\"><div class=\"et_pb_text_7 et_pb_text et_pb_bg_layout_light et_pb_module et_block_module preset--module--divi-text--default\"><div class=\"et_pb_text_inner\"><p>Si eres responsable de una empresa, nosotros podemos ser tu departamento de IT externalizado. Contratos flexibles, soporte remoto y presencial, y un punto de contacto para cualquier problema inform\u00e1tico.<\/p>\n<p>No necesitas tener un t\u00e9cnico en plantilla. Nosotros lo hacemos m\u00e1s barato y m\u00e1s eficiente.<\/p>\n<\/div><\/div><\/div><\/div><\/div>","protected":false},"excerpt":{"rendered":"","protected":false},"author":1,"featured_media":0,"parent":0,"menu_order":0,"comment_status":"closed","ping_status":"closed","template":"","meta":{"footnotes":""},"class_list":["post-28","page","type-page","status-publish","hentry"],"_hostinger_reach_plugin_has_subscription_block":false,"_hostinger_reach_plugin_is_elementor":false,"_links":{"self":[{"href":"https:\/\/popol-nah.es\/si\/wp-json\/wp\/v2\/pages\/28","targetHints":{"allow":["GET"]}}],"collection":[{"href":"https:\/\/popol-nah.es\/si\/wp-json\/wp\/v2\/pages"}],"about":[{"href":"https:\/\/popol-nah.es\/si\/wp-json\/wp\/v2\/types\/page"}],"author":[{"embeddable":true,"href":"https:\/\/popol-nah.es\/si\/wp-json\/wp\/v2\/users\/1"}],"replies":[{"embeddable":true,"href":"https:\/\/popol-nah.es\/si\/wp-json\/wp\/v2\/comments?post=28"}],"version-history":[{"count":13,"href":"https:\/\/popol-nah.es\/si\/wp-json\/wp\/v2\/pages\/28\/revisions"}],"predecessor-version":[{"id":365,"href":"https:\/\/popol-nah.es\/si\/wp-json\/wp\/v2\/pages\/28\/revisions\/365"}],"wp:attachment":[{"href":"https:\/\/popol-nah.es\/si\/wp-json\/wp\/v2\/media?parent=28"}],"curies":[{"name":"wp","href":"https:\/\/api.w.org\/{rel}","templated":true}]}}