{"id":193,"date":"2026-02-12T08:01:45","date_gmt":"2026-02-12T08:01:45","guid":{"rendered":"https:\/\/popol-nah.es\/si\/?page_id=193"},"modified":"2026-03-04T12:28:56","modified_gmt":"2026-03-04T12:28:56","slug":"inicio","status":"publish","type":"page","link":"https:\/\/popol-nah.es\/si\/","title":{"rendered":"Inicio"},"content":{"rendered":"<div class=\"et_pb_section_0 et_pb_section et_section_regular et_block_section\">\n<div class=\"et_pb_row_0 et_pb_row et_block_row\">\n<div class=\"et_pb_column_0 et_pb_column et_pb_column_4_4 et-last-child et_block_column et_pb_css_mix_blend_mode_passthrough\">\n<div class=\"et_pb_text_0 et_pb_text et_pb_bg_layout_light et_pb_module et_block_module preset--module--divi-text--default\"><div class=\"et_pb_text_inner\"><h1><span style=\"color: #ff6600;\"><strong>Reparaci\u00f3n y Mantenimiento de Ordenadores en Madrid<\/strong><\/span><\/h1>\n<p><span style=\"color: #ff6600;\"><\/span><\/p>\n<p><span style=\"color: #ff6600;\"><\/span><\/p>\n<p><strong><span style=\"color: #ff6600;\">Soluciones r\u00e1pidas y profesionales<\/span><\/strong><\/p>\n<p><strong><span style=\"color: #ff6600;\">Servicio para particulares y empresas<\/span><\/strong><\/p>\n<\/div><\/div>\n<\/div>\n<\/div>\n\n<div class=\"et_pb_row_1 et_pb_row et_block_row\">\n<div class=\"et_pb_column_1 et_pb_column et_pb_column_1_2 et_block_column et_pb_css_mix_blend_mode_passthrough\">\n<div class=\"et_pb_module et_pb_button_module_wrapper et_pb_button_0_wrapper\"><a class=\"et_pb_button_0 et_pb_button et_pb_bg_layout_light et_pb_module et_block_module\" href=\"https:\/\/popol-nah.es\/si\/contacto\/\">Solicitar diagn\u00f3stico gratis<\/a><\/div>\n<\/div>\n\n<div class=\"et_pb_column_2 et_pb_column et_pb_column_1_2 et-last-child et_block_column et_pb_css_mix_blend_mode_passthrough\">\n<div class=\"et_pb_module et_pb_button_module_wrapper et_pb_button_1_wrapper\"><a class=\"et_pb_button_1 et_pb_button et_pb_bg_layout_light et_pb_module et_block_module\" href=\"https:\/\/popol-nah.es\/si\/servicios\/\">Ver todos nuestros servicios<\/a><\/div>\n<\/div>\n<\/div>\n\n<div class=\"et_pb_row_2 et_pb_row et_block_row\">\n<div class=\"et_pb_column_3 et_pb_column et_pb_column_1_3 et_block_column et_pb_css_mix_blend_mode_passthrough\">\n<div class=\"et_pb_text_1 et_pb_text et_pb_bg_layout_light et_pb_module et_block_module preset--module--divi-text--default\"><div class=\"et_pb_text_inner\"><p>Servicio a domicilio<\/p>\n<\/div><\/div>\n<\/div>\n\n<div class=\"et_pb_column_4 et_pb_column et_pb_column_1_3 et_block_column et_pb_css_mix_blend_mode_passthrough\">\n<div class=\"et_pb_text_2 et_pb_text et_pb_bg_layout_light et_pb_module et_block_module preset--module--divi-text--default\"><div class=\"et_pb_text_inner\"><p>Despacho en el CIFE Fuenlabrada<\/p>\n<\/div><\/div>\n<\/div>\n\n<div class=\"et_pb_column_5 et_pb_column et_pb_column_1_3 et-last-child et_block_column et_pb_css_mix_blend_mode_passthrough\">\n<div class=\"et_pb_text_3 et_pb_text et_pb_bg_layout_light et_pb_module et_block_module preset--module--divi-text--default\"><div class=\"et_pb_text_inner\"><p style=\"text-align: center;\">Diagn\u00f3stico gratuito<\/p>\n<\/div><\/div>\n<\/div>\n<\/div>\n<\/div>\n\n<div class=\"et_pb_section_1 et_pb_section et_section_regular et_flex_section\"><span class=\"et_pb_background_mask\"><\/span>\n<div class=\"et_pb_row_3 et_pb_row et_flex_row\">\n<div class=\"et_pb_column_6 et_pb_column et-last-child et_flex_column et_pb_css_mix_blend_mode_passthrough et_flex_column_24_24 et_flex_column_24_24_tablet et_flex_column_24_24_phone\">\n<div class=\"et_pb_text_4 et_pb_text et_pb_bg_layout_light et_pb_module et_flex_module preset--module--divi-text--default\"><div class=\"et_pb_text_inner\"><h2>Servicios Destacados<\/h2>\n<\/div><\/div>\n<\/div>\n<\/div>\n\n<div class=\"et_pb_row_4 et_pb_row et_flex_row\">\n<div class=\"et_pb_column_7 et_pb_column et_flex_column et_pb_css_mix_blend_mode_passthrough et_flex_column_12_24 et_flex_column_12_24_tablet et_flex_column_24_24_phone\">\n<div class=\"et_pb_cta_0 et_pb_promo et_pb_bg_layout_dark et_animated et_pb_module et_flex_module\"><div class=\"et_pb_promo_description\"><h2 class=\"et_pb_module_header\">Reparaci\u00f3n Express<\/h2><div class=\"et_pb_promo_content\"><p><span>Especialistas en\u00a0<\/span><b data-path-to-node=\"5,1,0\" data-index-in-node=\"25\">Reparaci\u00f3n Express<\/b><span>\u00a0de hardware y software. Solucionamos problemas de pantallas, teclados, bater\u00edas, limpieza interna y recuperaci\u00f3n de datos. Tu herramienta de trabajo lista en\u00a0<\/span><b data-path-to-node=\"5,1,0\" data-index-in-node=\"202\">24-48h<\/b><span>\u00a0con garant\u00eda total de funcionamiento.\u00a0<\/span><strong><span>Desde 70\u20ac + componente.<\/span><\/strong><\/p>\n<\/div><\/div><div class=\"et_pb_button_wrapper\"><a class=\"et_pb_button et_pb_promo_button\" href=\"https:\/\/popol-nah.es\/si\/contacto\/\">Solicitar Informaci\u00f3n<\/a><\/div><\/div>\n\n<div class=\"et_pb_cta_1 et_pb_promo et_pb_bg_layout_dark et_animated et_pb_module et_flex_module\"><div class=\"et_pb_promo_description\"><h2 class=\"et_pb_module_header\">Eliminaci\u00f3n de Virus<\/h2><div class=\"et_pb_promo_content\"><p>Eliminamos malware, troyanos y spyware de ra\u00edz. Realizamos una <b data-path-to-node=\"5,1,0\" data-index-in-node=\"125\">limpieza profunda del sistema<\/b>, desinfecci\u00f3n de navegadores y configuramos protecci\u00f3n de nivel profesional para que no vuelva a suceder. Tus datos, siempre a salvo. <strong><span>Desde 60\u20ac<\/span><\/strong><\/p>\n<\/div><\/div><div class=\"et_pb_button_wrapper\"><a class=\"et_pb_button et_pb_promo_button\" href=\"https:\/\/popol-nah.es\/si\/contacto\/\">Solicitar Informaci\u00f3n<\/a><\/div><\/div>\n<\/div>\n\n<div class=\"et_pb_column_8 et_pb_column et-last-child et_flex_column et_pb_css_mix_blend_mode_passthrough et_flex_column_12_24 et_flex_column_12_24_tablet et_flex_column_24_24_phone\">\n<div class=\"et_pb_cta_2 et_pb_promo et_pb_bg_layout_dark et_animated et_pb_module et_flex_module\"><div class=\"et_pb_promo_description\"><h2 class=\"et_pb_module_header\">Actualizaci\u00f3n de disco<\/h2><div class=\"et_pb_promo_content\"><p>Multiplica la velocidad del ordenador <b data-path-to-node=\"5,1,0\" data-index-in-node=\"82\">hasta por 10x<\/b>\u00a0instalando un disco SSD de \u00faltima generaci\u00f3n. Incluimos clonaci\u00f3n de tus datos, limpieza interna y optimizaci\u00f3n del sistema. Estrenar\u00e1s ordenador sin comprar uno nuevo. <strong>Desde 90\u20ac + SSD<\/strong><\/p>\n<\/div><\/div><div class=\"et_pb_button_wrapper\"><a class=\"et_pb_button et_pb_promo_button\" href=\"https:\/\/popol-nah.es\/si\/contacto\/\">Solicitar Informaci\u00f3n<\/a><\/div><\/div>\n\n<div class=\"et_pb_cta_3 et_pb_promo et_pb_bg_layout_dark et_animated et_pb_module et_flex_module\"><div class=\"et_pb_promo_description\"><h2 class=\"et_pb_module_header\">Soporte PYMEs<\/h2><div class=\"et_pb_promo_content\"><p>Olv\u00eddate de los parones t\u00e9cnicos que frenan tu facturaci\u00f3n. Ofrecemos mantenimiento proactivo, gesti\u00f3n de redes, copias de seguridad en la nube y soporte t\u00e9cnico. Nos anticipamos a los problemas para que t\u00fa solo te preocupes de hacer crecer tu negocio.<\/p>\n<\/div><\/div><div class=\"et_pb_button_wrapper\"><a class=\"et_pb_button et_pb_promo_button\" href=\"https:\/\/popol-nah.es\/si\/contacto\/\">Solicitar Informaci\u00f3n<\/a><\/div><\/div>\n<\/div>\n<\/div>\n<\/div>\n\n<div class=\"et_pb_section_2 et_pb_section et_section_regular et_block_section\"><span class=\"et_pb_background_mask\"><\/span>\n<div class=\"et_pb_row_5 et_pb_row et_block_row\">\n<div class=\"et_pb_column_9 et_pb_column et_pb_column_4_4 et-last-child et_block_column et_pb_css_mix_blend_mode_passthrough\">\n<div class=\"et_pb_text_5 et_pb_text et_pb_bg_layout_light et_pb_module et_flex_module preset--module--divi-text--default\"><div class=\"et_pb_text_inner\"><h2>\u00bfPor qu\u00e9 elegirnos?<\/h2>\n<\/div><\/div>\n<\/div>\n<\/div>\n\n<div class=\"et_pb_row_6 et_pb_row et_block_row\">\n<div class=\"et_pb_column_10 et_pb_column et_pb_column_1_3 et_block_column et_pb_css_mix_blend_mode_passthrough\">\n<div class=\"et_pb_blurb_0 et_pb_blurb et_pb_bg_layout_light et_pb_text_align_center et_pb_blurb_position_top et_animated et_pb_module et_block_module\"><div class=\"et_pb_blurb_content\"><div class=\"et_pb_blurb_container\"><h4 class=\"et_pb_module_header\">\ud83d\udee1\ufe0f Diagn\u00f3stico Gratuito<\/h4><div class=\"et_pb_blurb_description\"><p>Sin compromiso. Te damos presupuesto claro antes de cualquier reparaci\u00f3n.<\/p>\n<\/div><\/div><\/div><\/div>\n\n<div class=\"et_pb_blurb_1 et_pb_blurb et_pb_bg_layout_light et_pb_text_align_center et_pb_blurb_position_top et_pb_module et_block_module\"><div class=\"et_pb_blurb_content\"><div class=\"et_pb_blurb_container\"><h4 class=\"et_pb_module_header\">\u23f1\ufe0f R\u00e1pido y Eficaz<\/h4><div class=\"et_pb_blurb_description\"><p><span>La mayor\u00eda de reparaciones resueltas en 24-48 horas, si encontramos la piezas necesarias.<\/span><\/p>\n<\/div><\/div><\/div><\/div>\n<\/div>\n\n<div class=\"et_pb_column_11 et_pb_column et_pb_column_1_3 et_block_column et_pb_css_mix_blend_mode_passthrough\">\n<div class=\"et_pb_blurb_2 et_pb_blurb et_pb_bg_layout_light et_pb_text_align_center et_pb_blurb_position_top et_pb_module et_block_module\"><div class=\"et_pb_blurb_content\"><div class=\"et_pb_blurb_container\"><h4 class=\"et_pb_module_header\">\ud83d\udccd Ubicaci\u00f3n C\u00e9ntrica<\/h4><div class=\"et_pb_blurb_description\"><p><span>Despacho f\u00edsico en el Despacho 1 del\u00a0 CIFE de Fuenlabrada. Ven cuando te convenga.<\/span><\/p>\n<\/div><\/div><\/div><\/div>\n\n<div class=\"et_pb_blurb_3 et_pb_blurb et_pb_bg_layout_light et_pb_text_align_center et_pb_blurb_position_top et_pb_module et_block_module\"><div class=\"et_pb_blurb_content\"><div class=\"et_pb_blurb_container\"><h4 class=\"et_pb_module_header\">\ud83c\udfc6 Profesionales<\/h4><div class=\"et_pb_blurb_description\"><p><span>Experiencia profesional certificada. No somos aficionados. M\u00e1s de 12 a\u00f1os de experiencia en el sector.<\/span><\/p>\n<\/div><\/div><\/div><\/div>\n<\/div>\n\n<div class=\"et_pb_column_12 et_pb_column et_pb_column_1_3 et-last-child et_block_column et_pb_css_mix_blend_mode_passthrough\">\n<div class=\"et_pb_blurb_4 et_pb_blurb et_pb_bg_layout_light et_pb_text_align_center et_pb_blurb_position_top et_pb_module et_block_module\"><div class=\"et_pb_blurb_content\"><div class=\"et_pb_blurb_container\"><h4 class=\"et_pb_module_header\">\ud83d\ude97 A Domicilio<\/h4><div class=\"et_pb_blurb_description\"><p><span>Vamos a tu casa u oficina. Sin que te muevas ni un paso. Aplican restricciones.<\/span><\/p>\n<\/div><\/div><\/div><\/div>\n\n<div class=\"et_pb_blurb_5 et_pb_blurb et_pb_bg_layout_light et_pb_text_align_center et_pb_blurb_position_top et_pb_module et_block_module\"><div class=\"et_pb_blurb_content\"><div class=\"et_pb_blurb_container\"><h4 class=\"et_pb_module_header\">\ud83d\udcaf Garant\u00eda<\/h4><div class=\"et_pb_blurb_description\"><p><span>Garant\u00eda en todas las reparaciones. Si hay problema, buscamos soluciones y resolvemos.<\/span><\/p>\n<\/div><\/div><\/div><\/div>\n<\/div>\n<\/div>\n<\/div>\n\n<div class=\"et_pb_section_3 et_pb_section et_section_regular et_flex_section\"><span class=\"et_pb_background_mask\"><\/span>\n<div class=\"et_pb_row_7 et_pb_row et_flex_row\">\n<div class=\"et_pb_column_13 et_pb_column et-last-child et_flex_column et_pb_css_mix_blend_mode_passthrough et_flex_column_24_24 et_flex_column_24_24_tablet et_flex_column_24_24_phone\">\n<div class=\"et_pb_text_6 et_pb_text et_pb_bg_layout_light et_pb_module et_flex_module preset--module--divi-text--default\"><div class=\"et_pb_text_inner\"><h2>Preguntas Frecuentes (FAQ)<\/h2>\n<\/div><\/div>\n<\/div>\n<\/div>\n\n<div class=\"et_pb_row_8 et_pb_row et_flex_row\">\n<div class=\"et_pb_column_14 et_pb_column et-last-child et_flex_column et_pb_css_mix_blend_mode_passthrough et_flex_column_24_24 et_flex_column_24_24_tablet et_flex_column_24_24_phone\">\n<div class=\"et_pb_accordion_0 et_pb_accordion et_pb_module et_flex_module\">\n<div class=\"et_pb_accordion_item_0 et_pb_accordion_item et_pb_toggle et_pb_module et_pb_toggle_open et_flex_module\"><h5 class=\"et_pb_toggle_title\">\u00bfQu\u00e9 servicios ofrece SI \u2013 Soluciones Inform\u00e1ticas?<\/h5><div class=\"et_pb_toggle_content et_flex_module\"><p data-start=\"288\" data-end=\"415\">En SI \u2013 Soluciones Inform\u00e1ticas ofrecemos servicios integrales de soporte tecnol\u00f3gico para empresas y particulares, incluyendo:<\/p>\n<ul data-start=\"417\" data-end=\"785\">\n<li data-start=\"417\" data-end=\"456\">\n<p data-start=\"419\" data-end=\"456\">Soporte t\u00e9cnico remoto y presencial<\/p>\n<\/li>\n<li data-start=\"457\" data-end=\"510\">\n<p data-start=\"459\" data-end=\"510\">Mantenimiento inform\u00e1tico preventivo y correctivo<\/p>\n<\/li>\n<li data-start=\"511\" data-end=\"551\">\n<p data-start=\"513\" data-end=\"551\">Instalaci\u00f3n y configuraci\u00f3n de redes<\/p>\n<\/li>\n<li data-start=\"552\" data-end=\"595\">\n<p data-start=\"554\" data-end=\"595\">Reparaci\u00f3n de equipos (PC y port\u00e1tiles)<\/p>\n<\/li>\n<li data-start=\"596\" data-end=\"643\">\n<p data-start=\"598\" data-end=\"643\">Seguridad inform\u00e1tica y protecci\u00f3n de datos<\/p>\n<\/li>\n<li data-start=\"644\" data-end=\"697\">\n<p data-start=\"646\" data-end=\"697\">Copias de seguridad y recuperaci\u00f3n de informaci\u00f3n<\/p>\n<\/li>\n<li data-start=\"698\" data-end=\"741\">\n<p data-start=\"700\" data-end=\"741\">Instalaci\u00f3n y configuraci\u00f3n de software<\/p>\n<\/li>\n<li data-start=\"742\" data-end=\"785\">\n<p data-start=\"744\" data-end=\"785\">Asesoramiento tecnol\u00f3gico para empresas<\/p>\n<\/li>\n<\/ul>\n<p data-start=\"787\" data-end=\"899\">Nuestro objetivo es garantizar que tu equipo o infraestructura inform\u00e1tica funcione de forma segura, estable y eficiente.<\/p>\n<\/div><\/div>\n\n<div class=\"et_pb_accordion_item_1 et_pb_accordion_item et_pb_toggle et_pb_module et_pb_toggle_close et_flex_module\"><h5 class=\"et_pb_toggle_title\">\u00bfTrabaj\u00e1is con particulares o solo con empresas?<\/h5><div class=\"et_pb_toggle_content et_flex_module\"><p data-start=\"962\" data-end=\"992\">Trabajamos con ambos perfiles.<\/p>\n<ul data-start=\"994\" data-end=\"1294\">\n<li data-start=\"994\" data-end=\"1135\">\n<p data-start=\"996\" data-end=\"1135\"><strong data-start=\"996\" data-end=\"1021\">Empresas y aut\u00f3nomos:<\/strong> ofrecemos mantenimiento continuo, contratos de soporte, gesti\u00f3n de redes y sistemas, y asesoramiento tecnol\u00f3gico.<\/p>\n<\/li>\n<li data-start=\"1136\" data-end=\"1294\">\n<p data-start=\"1138\" data-end=\"1294\"><strong data-start=\"1138\" data-end=\"1155\">Particulares:<\/strong> realizamos reparaci\u00f3n de equipos, eliminaci\u00f3n de virus, recuperaci\u00f3n de datos, configuraci\u00f3n de dispositivos y asistencia t\u00e9cnica general.<\/p>\n<\/li>\n<\/ul>\n<p data-start=\"1296\" data-end=\"1362\">Adaptamos cada servicio a las necesidades espec\u00edficas del cliente.<\/p>\n<\/div><\/div>\n\n<div class=\"et_pb_accordion_item_2 et_pb_accordion_item et_pb_toggle et_pb_module et_pb_toggle_close et_flex_module\"><h5 class=\"et_pb_toggle_title\">\u00bfOfrec\u00e9is servicio de mantenimiento inform\u00e1tico?<\/h5><div class=\"et_pb_toggle_content et_flex_module\"><p data-start=\"1425\" data-end=\"1517\">S\u00ed. Disponemos de planes de mantenimiento adaptados al tama\u00f1o y necesidades de cada empresa.<\/p>\n<p data-start=\"1519\" data-end=\"1544\">El mantenimiento incluye:<\/p>\n<ul data-start=\"1546\" data-end=\"1686\">\n<li data-start=\"1546\" data-end=\"1585\">\n<p data-start=\"1548\" data-end=\"1585\">Supervisi\u00f3n y optimizaci\u00f3n de equipos<\/p>\n<\/li>\n<li data-start=\"1586\" data-end=\"1613\">\n<p data-start=\"1588\" data-end=\"1613\">Actualizaci\u00f3n de sistemas<\/p>\n<\/li>\n<li data-start=\"1614\" data-end=\"1636\">\n<p data-start=\"1616\" data-end=\"1636\">Control de seguridad<\/p>\n<\/li>\n<li data-start=\"1637\" data-end=\"1658\">\n<p data-start=\"1639\" data-end=\"1658\">Soporte prioritario<\/p>\n<\/li>\n<li data-start=\"1659\" data-end=\"1686\">\n<p data-start=\"1661\" data-end=\"1686\">Prevenci\u00f3n de incidencias<\/p>\n<\/li>\n<\/ul>\n<p data-start=\"1688\" data-end=\"1796\">La finalidad es minimizar interrupciones y evitar problemas antes de que afecten a la actividad del negocio.<\/p>\n<\/div><\/div>\n\n<div class=\"et_pb_accordion_item_3 et_pb_accordion_item et_pb_toggle et_pb_module et_pb_toggle_close et_flex_module\"><h5 class=\"et_pb_toggle_title\">\u00bfEl soporte t\u00e9cnico puede ser remoto?<\/h5><div class=\"et_pb_toggle_content et_flex_module\"><p data-start=\"1848\" data-end=\"1968\">S\u00ed. Siempre que la incidencia lo permita, realizamos soporte remoto para resolver problemas de forma r\u00e1pida y eficiente.<\/p>\n<p data-start=\"1970\" data-end=\"1987\">Esto nos permite:<\/p>\n<ul data-start=\"1989\" data-end=\"2100\">\n<li data-start=\"1989\" data-end=\"2018\">\n<p data-start=\"1991\" data-end=\"2018\">Reducir tiempos de espera<\/p>\n<\/li>\n<li data-start=\"2019\" data-end=\"2039\">\n<p data-start=\"2021\" data-end=\"2039\">Minimizar costes<\/p>\n<\/li>\n<li data-start=\"2040\" data-end=\"2100\">\n<p data-start=\"2042\" data-end=\"2100\">Resolver incidencias urgentes en el menor tiempo posible<\/p>\n<\/li>\n<\/ul>\n<p data-start=\"2102\" data-end=\"2187\">Si el problema requiere intervenci\u00f3n f\u00edsica, tambi\u00e9n ofrecemos asistencia presencial.<\/p>\n<\/div><\/div>\n\n<div class=\"et_pb_accordion_item_4 et_pb_accordion_item et_pb_toggle et_pb_module et_pb_toggle_close et_flex_module\"><h5 class=\"et_pb_toggle_title\">\u00bfCu\u00e1nto cuesta el servicio?<\/h5><div class=\"et_pb_toggle_content et_flex_module\"><p data-start=\"2229\" data-end=\"2384\">El coste depende del tipo de servicio solicitado, la complejidad de la incidencia y si se trata de una intervenci\u00f3n puntual o un contrato de mantenimiento.<\/p>\n<p data-start=\"2386\" data-end=\"2396\">Ofrecemos:<\/p>\n<ul data-start=\"2398\" data-end=\"2514\">\n<li data-start=\"2398\" data-end=\"2444\">\n<p data-start=\"2400\" data-end=\"2444\">Presupuestos personalizados sin compromiso<\/p>\n<\/li>\n<li data-start=\"2445\" data-end=\"2479\">\n<p data-start=\"2447\" data-end=\"2479\">Tarifas claras y transparentes<\/p>\n<\/li>\n<li data-start=\"2480\" data-end=\"2514\">\n<p data-start=\"2482\" data-end=\"2514\">Planes mensuales para empresas<\/p>\n<\/li>\n<\/ul>\n<p data-start=\"2516\" data-end=\"2594\">Antes de realizar cualquier intervenci\u00f3n, informamos detalladamente del coste.<\/p>\n<\/div><\/div>\n\n<div class=\"et_pb_accordion_item_5 et_pb_accordion_item et_pb_toggle et_pb_module et_pb_toggle_close et_flex_module\"><h5 class=\"et_pb_toggle_title\">\u00bfCu\u00e1nto tiempo tard\u00e1is en resolver una incidencia?<\/h5><div class=\"et_pb_toggle_content et_flex_module\"><p data-start=\"2659\" data-end=\"2736\">El tiempo de respuesta depende del tipo de servicio contratado y la urgencia.<\/p>\n<p data-start=\"2738\" data-end=\"2749\">En general:<\/p>\n<ul data-start=\"2751\" data-end=\"2966\">\n<li data-start=\"2751\" data-end=\"2833\">\n<p data-start=\"2753\" data-end=\"2833\">Incidencias remotas: resoluci\u00f3n en el mismo d\u00eda (cuando es t\u00e9cnicamente viable).<\/p>\n<\/li>\n<li data-start=\"2834\" data-end=\"2914\">\n<p data-start=\"2836\" data-end=\"2914\">Intervenciones presenciales: seg\u00fan disponibilidad, priorizando casos urgentes.<\/p>\n<\/li>\n<li data-start=\"2915\" data-end=\"2966\">\n<p data-start=\"2917\" data-end=\"2966\">Contratos de mantenimiento: atenci\u00f3n prioritaria.<\/p>\n<\/li>\n<\/ul>\n<p data-start=\"2968\" data-end=\"3024\">Nuestro objetivo es ofrecer una respuesta \u00e1gil y eficaz.<\/p>\n<\/div><\/div>\n\n<div class=\"et_pb_accordion_item_6 et_pb_accordion_item et_pb_toggle et_pb_module et_pb_toggle_close et_flex_module\"><h5 class=\"et_pb_toggle_title\">\u00bfQu\u00e9 tipo de equipos repar\u00e1is?<\/h5><div class=\"et_pb_toggle_content et_flex_module\"><p data-start=\"3069\" data-end=\"3084\">Trabajamos con:<\/p>\n<ul data-start=\"3086\" data-end=\"3214\">\n<li data-start=\"3086\" data-end=\"3114\">\n<p data-start=\"3088\" data-end=\"3114\">Ordenadores de sobremesa<\/p>\n<\/li>\n<li data-start=\"3115\" data-end=\"3129\">\n<p data-start=\"3117\" data-end=\"3129\">Port\u00e1tiles<\/p>\n<\/li>\n<li data-start=\"3130\" data-end=\"3144\">\n<p data-start=\"3132\" data-end=\"3144\">Servidores<\/p>\n<\/li>\n<li data-start=\"3145\" data-end=\"3173\">\n<p data-start=\"3147\" data-end=\"3173\">Impresoras y perif\u00e9ricos<\/p>\n<\/li>\n<li data-start=\"3174\" data-end=\"3214\">\n<p data-start=\"3176\" data-end=\"3214\">Redes y dispositivos de conectividad<\/p>\n<\/li>\n<\/ul>\n<p data-start=\"3216\" data-end=\"3289\">Evaluamos el equipo y te indicamos si la reparaci\u00f3n es viable y rentable.<\/p>\n<\/div><\/div>\n\n<div class=\"et_pb_accordion_item_7 et_pb_accordion_item et_pb_toggle et_pb_module et_pb_toggle_close et_flex_module\"><h5 class=\"et_pb_toggle_title\">\u00bfPod\u00e9is ayudarme si mi empresa ha sufrido un ataque inform\u00e1tico?<\/h5><div class=\"et_pb_toggle_content et_flex_module\"><p data-start=\"3368\" data-end=\"3384\">S\u00ed. Actuamos en:<\/p>\n<ul data-start=\"3386\" data-end=\"3536\">\n<li data-start=\"3386\" data-end=\"3425\">\n<p data-start=\"3388\" data-end=\"3425\">Eliminaci\u00f3n de malware y ransomware<\/p>\n<\/li>\n<li data-start=\"3426\" data-end=\"3454\">\n<p data-start=\"3428\" data-end=\"3454\">Recuperaci\u00f3n de sistemas<\/p>\n<\/li>\n<li data-start=\"3455\" data-end=\"3494\">\n<p data-start=\"3457\" data-end=\"3494\">Restauraci\u00f3n de copias de seguridad<\/p>\n<\/li>\n<li data-start=\"3495\" data-end=\"3536\">\n<p data-start=\"3497\" data-end=\"3536\">Implementaci\u00f3n de medidas preventivas<\/p>\n<\/li>\n<\/ul>\n<p data-start=\"3538\" data-end=\"3613\">Adem\u00e1s, asesoramos para reforzar la seguridad y evitar futuras incidencias.<\/p>\n<\/div><\/div>\n\n<div class=\"et_pb_accordion_item_8 et_pb_accordion_item et_pb_toggle et_pb_module et_pb_toggle_close et_flex_module\"><h5 class=\"et_pb_toggle_title\">\u00bfOfrec\u00e9is asesoramiento para mejorar la infraestructura tecnol\u00f3gica de mi empresa?<\/h5><div class=\"et_pb_toggle_content et_flex_module\"><p data-start=\"3710\" data-end=\"3779\">S\u00ed. Analizamos tu situaci\u00f3n actual y proponemos mejoras orientadas a:<\/p>\n<ul data-start=\"3781\" data-end=\"3890\">\n<li data-start=\"3781\" data-end=\"3803\">\n<p data-start=\"3783\" data-end=\"3803\">Optimizar recursos<\/p>\n<\/li>\n<li data-start=\"3804\" data-end=\"3833\">\n<p data-start=\"3806\" data-end=\"3833\">Aumentar la productividad<\/p>\n<\/li>\n<li data-start=\"3834\" data-end=\"3858\">\n<p data-start=\"3836\" data-end=\"3858\">Mejorar la seguridad<\/p>\n<\/li>\n<li data-start=\"3859\" data-end=\"3890\">\n<p data-start=\"3861\" data-end=\"3890\">Reducir costes tecnol\u00f3gicos<\/p>\n<\/li>\n<\/ul>\n<p data-start=\"3892\" data-end=\"3961\">Nuestro enfoque es pr\u00e1ctico y alineado con los objetivos del negocio.<\/p>\n<\/div><\/div>\n\n<div class=\"et_pb_accordion_item_9 et_pb_accordion_item et_pb_toggle et_pb_module et_pb_toggle_close et_flex_module\"><h5 class=\"et_pb_toggle_title\">\u00bfC\u00f3mo puedo solicitar un servicio o presupuesto?<\/h5><div class=\"et_pb_toggle_content et_flex_module\"><p data-start=\"4025\" data-end=\"4057\">Puedes contactarnos a trav\u00e9s de:<\/p>\n<ul data-start=\"4059\" data-end=\"4113\">\n<li data-start=\"4059\" data-end=\"4077\">\n<p data-start=\"4061\" data-end=\"4077\">Formulario web<\/p>\n<\/li>\n<li data-start=\"4078\" data-end=\"4090\">\n<p data-start=\"4080\" data-end=\"4090\">Tel\u00e9fono<\/p>\n<\/li>\n<li data-start=\"4091\" data-end=\"4113\">\n<p data-start=\"4093\" data-end=\"4113\">Correo electr\u00f3nico<\/p>\n<\/li>\n<\/ul>\n<p data-start=\"4115\" data-end=\"4197\">Analizaremos tu caso y te ofreceremos una soluci\u00f3n personalizada lo antes posible.<\/p>\n<\/div><\/div>\n<\/div>\n<\/div>\n<\/div>\n<\/div>","protected":false},"excerpt":{"rendered":"","protected":false},"author":1,"featured_media":0,"parent":0,"menu_order":0,"comment_status":"closed","ping_status":"closed","template":"","meta":{"footnotes":""},"class_list":["post-193","page","type-page","status-publish","hentry"],"_hostinger_reach_plugin_has_subscription_block":false,"_hostinger_reach_plugin_is_elementor":false,"_links":{"self":[{"href":"https:\/\/popol-nah.es\/si\/wp-json\/wp\/v2\/pages\/193","targetHints":{"allow":["GET"]}}],"collection":[{"href":"https:\/\/popol-nah.es\/si\/wp-json\/wp\/v2\/pages"}],"about":[{"href":"https:\/\/popol-nah.es\/si\/wp-json\/wp\/v2\/types\/page"}],"author":[{"embeddable":true,"href":"https:\/\/popol-nah.es\/si\/wp-json\/wp\/v2\/users\/1"}],"replies":[{"embeddable":true,"href":"https:\/\/popol-nah.es\/si\/wp-json\/wp\/v2\/comments?post=193"}],"version-history":[{"count":129,"href":"https:\/\/popol-nah.es\/si\/wp-json\/wp\/v2\/pages\/193\/revisions"}],"predecessor-version":[{"id":719,"href":"https:\/\/popol-nah.es\/si\/wp-json\/wp\/v2\/pages\/193\/revisions\/719"}],"wp:attachment":[{"href":"https:\/\/popol-nah.es\/si\/wp-json\/wp\/v2\/media?parent=193"}],"curies":[{"name":"wp","href":"https:\/\/api.w.org\/{rel}","templated":true}]}}